{"id":2033,"date":"2021-08-21T16:27:41","date_gmt":"2021-08-21T16:27:41","guid":{"rendered":"http:\/\/cafesbatalla.com\/?page_id=2033"},"modified":"2021-10-04T04:31:42","modified_gmt":"2021-10-04T04:31:42","slug":"notre-cafe","status":"publish","type":"page","link":"https:\/\/cafesbatalla.com\/fr\/produits\/notre-cafe\/","title":{"rendered":"Notre caf\u00e9"},"content":{"rendered":"<div data-elementor-type=\"wp-page\" data-elementor-id=\"2033\" class=\"elementor elementor-2033\" data-elementor-post-type=\"page\">\n\t\t\t\t\t\t<section class=\"ob-is-breaking-bad elementor-section elementor-top-section elementor-element elementor-element-8fb2afe elementor-section-boxed elementor-section-height-default elementor-section-height-default\" data-id=\"8fb2afe\" data-element_type=\"section\" data-e-type=\"section\" data-settings=\"{&quot;jet_parallax_layout_list&quot;:[{&quot;jet_parallax_layout_image&quot;:{&quot;url&quot;:&quot;&quot;,&quot;id&quot;:&quot;&quot;,&quot;size&quot;:&quot;&quot;},&quot;_id&quot;:&quot;5c7017a&quot;,&quot;jet_parallax_layout_image_tablet&quot;:{&quot;url&quot;:&quot;&quot;,&quot;id&quot;:&quot;&quot;,&quot;size&quot;:&quot;&quot;},&quot;jet_parallax_layout_image_mobile&quot;:{&quot;url&quot;:&quot;&quot;,&quot;id&quot;:&quot;&quot;,&quot;size&quot;:&quot;&quot;},&quot;jet_parallax_layout_speed&quot;:{&quot;unit&quot;:&quot;%&quot;,&quot;size&quot;:50,&quot;sizes&quot;:[]},&quot;jet_parallax_layout_type&quot;:&quot;scroll&quot;,&quot;jet_parallax_layout_direction&quot;:null,&quot;jet_parallax_layout_fx_direction&quot;:null,&quot;jet_parallax_layout_z_index&quot;:&quot;&quot;,&quot;jet_parallax_layout_bg_x&quot;:50,&quot;jet_parallax_layout_bg_x_tablet&quot;:&quot;&quot;,&quot;jet_parallax_layout_bg_x_mobile&quot;:&quot;&quot;,&quot;jet_parallax_layout_bg_y&quot;:50,&quot;jet_parallax_layout_bg_y_tablet&quot;:&quot;&quot;,&quot;jet_parallax_layout_bg_y_mobile&quot;:&quot;&quot;,&quot;jet_parallax_layout_bg_size&quot;:&quot;auto&quot;,&quot;jet_parallax_layout_bg_size_tablet&quot;:&quot;&quot;,&quot;jet_parallax_layout_bg_size_mobile&quot;:&quot;&quot;,&quot;jet_parallax_layout_animation_prop&quot;:&quot;transform&quot;,&quot;jet_parallax_layout_on&quot;:[&quot;desktop&quot;,&quot;tablet&quot;]}],&quot;_ob_bbad_use_it&quot;:&quot;yes&quot;,&quot;_ob_bbad_sssic_use&quot;:&quot;no&quot;,&quot;_ob_glider_is_slider&quot;:&quot;no&quot;}\">\n\t\t\t\t\t\t<div class=\"elementor-container elementor-column-gap-default\">\n\t\t\t\t\t<div class=\"elementor-column elementor-col-100 elementor-top-column elementor-element elementor-element-727e7e0\" data-id=\"727e7e0\" data-element_type=\"column\" data-e-type=\"column\" data-settings=\"{&quot;_ob_bbad_is_stalker&quot;:&quot;no&quot;,&quot;_ob_teleporter_use&quot;:false,&quot;_ob_column_hoveranimator&quot;:&quot;no&quot;,&quot;_ob_column_has_pseudo&quot;:&quot;no&quot;}\">\n\t\t\t<div class=\"elementor-widget-wrap elementor-element-populated\">\n\t\t\t\t\t\t<div class=\"elementor-element elementor-element-a31dc2b elementor-invisible ob-has-background-overlay elementor-widget elementor-widget-jet-headline\" data-id=\"a31dc2b\" data-element_type=\"widget\" data-e-type=\"widget\" data-settings=\"{&quot;_animation&quot;:&quot;fadeInDown&quot;,&quot;_animation_mobile&quot;:&quot;none&quot;,&quot;_ob_perspektive_use&quot;:&quot;no&quot;,&quot;_ob_poopart_use&quot;:&quot;yes&quot;,&quot;_ob_shadough_use&quot;:&quot;no&quot;,&quot;_ob_allow_hoveranimator&quot;:&quot;no&quot;,&quot;_ob_widget_stalker_use&quot;:&quot;no&quot;}\" data-widget_type=\"jet-headline.default\">\n\t\t\t\t<div class=\"elementor-widget-container\">\n\t\t\t\t\t<h1 class=\"jet-headline jet-headline--direction-horizontal\"><span class=\"jet-headline__part jet-headline__first\"><span class=\"jet-headline__label\">Notre<\/span><\/span><span class=\"jet-headline__space\">&nbsp;<\/span><span class=\"jet-headline__part jet-headline__second\"><span class=\"jet-headline__label\">Caf\u00e9<\/span><\/span><\/h1>\t\t\t\t<\/div>\n\t\t\t\t<\/div>\n\t\t\t\t<div class=\"elementor-element elementor-element-c301dbd ob-harakiri-inherit elementor-invisible ob-has-background-overlay elementor-widget elementor-widget-heading\" data-id=\"c301dbd\" data-element_type=\"widget\" data-e-type=\"widget\" data-settings=\"{&quot;_animation&quot;:&quot;fadeIn&quot;,&quot;_ob_use_harakiri&quot;:&quot;yes&quot;,&quot;_ob_harakiri_writing_mode&quot;:&quot;inherit&quot;,&quot;_ob_harakiri_text_clip&quot;:&quot;none&quot;,&quot;_ob_perspektive_use&quot;:&quot;no&quot;,&quot;_ob_poopart_use&quot;:&quot;yes&quot;,&quot;_ob_shadough_use&quot;:&quot;no&quot;,&quot;_ob_allow_hoveranimator&quot;:&quot;no&quot;,&quot;_ob_widget_stalker_use&quot;:&quot;no&quot;}\" data-widget_type=\"heading.default\">\n\t\t\t\t<div class=\"elementor-widget-container\">\n\t\t\t\t\t<h2 class=\"elementor-heading-title elementor-size-default\">Nous s\u00e9lectionnons des caf\u00e9s de diff\u00e9rentes origines dans le monde entier.<\/h2>\t\t\t\t<\/div>\n\t\t\t\t<\/div>\n\t\t\t\t<div class=\"elementor-element elementor-element-8e0ae4b ob-harakiri-inherit elementor-invisible ob-has-background-overlay elementor-widget elementor-widget-text-editor\" data-id=\"8e0ae4b\" data-element_type=\"widget\" data-e-type=\"widget\" data-settings=\"{&quot;_animation&quot;:&quot;fadeIn&quot;,&quot;_ob_use_harakiri&quot;:&quot;yes&quot;,&quot;_ob_harakiri_writing_mode&quot;:&quot;inherit&quot;,&quot;_ob_postman_use&quot;:&quot;no&quot;,&quot;_ob_perspektive_use&quot;:&quot;no&quot;,&quot;_ob_poopart_use&quot;:&quot;yes&quot;,&quot;_ob_shadough_use&quot;:&quot;no&quot;,&quot;_ob_allow_hoveranimator&quot;:&quot;no&quot;,&quot;_ob_widget_stalker_use&quot;:&quot;no&quot;}\" data-widget_type=\"text-editor.default\">\n\t\t\t\t<div class=\"elementor-widget-container\">\n\t\t\t\t\t\t\t\t\t<p>En plus de contr\u00f4ler toute l'\u00e9volution de l'espresso, de la plantation \u00e0 la tasse, afin d'extraire le meilleur espresso.<\/p>\t\t\t\t\t\t\t\t<\/div>\n\t\t\t\t<\/div>\n\t\t\t\t<div class=\"elementor-element elementor-element-7a59556 elementor-widget__width-initial elementor-absolute elementor-invisible ob-has-background-overlay elementor-widget elementor-widget-image\" data-id=\"7a59556\" data-element_type=\"widget\" data-e-type=\"widget\" data-settings=\"{&quot;_animation&quot;:&quot;fadeInUp&quot;,&quot;_position&quot;:&quot;absolute&quot;,&quot;_ob_photomorph_use&quot;:&quot;no&quot;,&quot;_ob_perspektive_use&quot;:&quot;no&quot;,&quot;_ob_poopart_use&quot;:&quot;yes&quot;,&quot;_ob_shadough_use&quot;:&quot;no&quot;,&quot;_ob_allow_hoveranimator&quot;:&quot;no&quot;,&quot;_ob_widget_stalker_use&quot;:&quot;no&quot;}\" data-widget_type=\"image.default\">\n\t\t\t\t<div class=\"elementor-widget-container\">\n\t\t\t\t\t\t\t\t\t\t\t\t\t\t\t<img fetchpriority=\"high\" decoding=\"async\" width=\"226\" height=\"251\" src=\"https:\/\/cafesbatalla.com\/wp-content\/uploads\/granos-cafe-01.png\" class=\"attachment-large size-large wp-image-350\" alt=\"\" srcset=\"https:\/\/cafesbatalla.com\/wp-content\/uploads\/granos-cafe-01.png 226w, https:\/\/cafesbatalla.com\/wp-content\/uploads\/granos-cafe-01-36x40.png 36w, https:\/\/cafesbatalla.com\/wp-content\/uploads\/granos-cafe-01-54x60.png 54w, https:\/\/cafesbatalla.com\/wp-content\/uploads\/granos-cafe-01-72x80.png 72w\" sizes=\"(max-width: 226px) 100vw, 226px\" \/>\t\t\t\t\t\t\t\t\t\t\t\t\t\t\t<\/div>\n\t\t\t\t<\/div>\n\t\t\t\t<div class=\"elementor-element elementor-element-f51e022 animated-slow elementor-widget__width-initial elementor-absolute elementor-invisible ob-has-background-overlay elementor-widget elementor-widget-image\" data-id=\"f51e022\" data-element_type=\"widget\" data-e-type=\"widget\" data-settings=\"{&quot;_animation&quot;:&quot;fadeIn&quot;,&quot;_position&quot;:&quot;absolute&quot;,&quot;_ob_photomorph_use&quot;:&quot;no&quot;,&quot;_ob_perspektive_use&quot;:&quot;no&quot;,&quot;_ob_poopart_use&quot;:&quot;yes&quot;,&quot;_ob_shadough_use&quot;:&quot;no&quot;,&quot;_ob_allow_hoveranimator&quot;:&quot;no&quot;,&quot;_ob_widget_stalker_use&quot;:&quot;no&quot;}\" data-widget_type=\"image.default\">\n\t\t\t\t<div class=\"elementor-widget-container\">\n\t\t\t\t\t\t\t\t\t\t\t\t\t\t\t<img decoding=\"async\" width=\"400\" height=\"434\" src=\"https:\/\/cafesbatalla.com\/wp-content\/uploads\/img-rama-planta-cafe-03.png\" class=\"attachment-large size-large wp-image-369\" alt=\"\" srcset=\"https:\/\/cafesbatalla.com\/wp-content\/uploads\/img-rama-planta-cafe-03.png 400w, https:\/\/cafesbatalla.com\/wp-content\/uploads\/img-rama-planta-cafe-03-37x40.png 37w, https:\/\/cafesbatalla.com\/wp-content\/uploads\/img-rama-planta-cafe-03-55x60.png 55w, https:\/\/cafesbatalla.com\/wp-content\/uploads\/img-rama-planta-cafe-03-74x80.png 74w\" sizes=\"(max-width: 400px) 100vw, 400px\" \/>\t\t\t\t\t\t\t\t\t\t\t\t\t\t\t<\/div>\n\t\t\t\t<\/div>\n\t\t\t\t<div class=\"elementor-element elementor-element-de37041 elementor-widget__width-initial elementor-absolute elementor-invisible ob-has-background-overlay elementor-widget elementor-widget-image\" data-id=\"de37041\" data-element_type=\"widget\" data-e-type=\"widget\" data-settings=\"{&quot;_animation&quot;:&quot;fadeInDown&quot;,&quot;_position&quot;:&quot;absolute&quot;,&quot;_ob_photomorph_use&quot;:&quot;no&quot;,&quot;_ob_perspektive_use&quot;:&quot;no&quot;,&quot;_ob_poopart_use&quot;:&quot;yes&quot;,&quot;_ob_shadough_use&quot;:&quot;no&quot;,&quot;_ob_allow_hoveranimator&quot;:&quot;no&quot;,&quot;_ob_widget_stalker_use&quot;:&quot;no&quot;}\" data-widget_type=\"image.default\">\n\t\t\t\t<div class=\"elementor-widget-container\">\n\t\t\t\t\t\t\t\t\t\t\t\t\t\t\t<img decoding=\"async\" width=\"1000\" height=\"823\" src=\"https:\/\/cafesbatalla.com\/wp-content\/uploads\/coffee-beans-03.png\" class=\"attachment-large size-large wp-image-349\" alt=\"\" srcset=\"https:\/\/cafesbatalla.com\/wp-content\/uploads\/coffee-beans-03.png 1000w, https:\/\/cafesbatalla.com\/wp-content\/uploads\/coffee-beans-03-768x632.png 768w, https:\/\/cafesbatalla.com\/wp-content\/uploads\/coffee-beans-03-40x33.png 40w, https:\/\/cafesbatalla.com\/wp-content\/uploads\/coffee-beans-03-60x49.png 60w, https:\/\/cafesbatalla.com\/wp-content\/uploads\/coffee-beans-03-80x66.png 80w\" sizes=\"(max-width: 1000px) 100vw, 1000px\" \/>\t\t\t\t\t\t\t\t\t\t\t\t\t\t\t<\/div>\n\t\t\t\t<\/div>\n\t\t\t\t\t<\/div>\n\t\t<\/div>\n\t\t\t\t\t<\/div>\n\t\t<\/section>\n\t\t\t\t<section class=\"ob-is-breaking-bad elementor-section elementor-top-section elementor-element elementor-element-8b42735 elementor-section-content-top elementor-reverse-mobile elementor-section-boxed elementor-section-height-default elementor-section-height-default\" data-id=\"8b42735\" data-element_type=\"section\" data-e-type=\"section\" data-settings=\"{&quot;jet_parallax_layout_list&quot;:[{&quot;jet_parallax_layout_image&quot;:{&quot;url&quot;:&quot;&quot;,&quot;id&quot;:&quot;&quot;,&quot;size&quot;:&quot;&quot;},&quot;_id&quot;:&quot;3a35894&quot;,&quot;jet_parallax_layout_image_tablet&quot;:{&quot;url&quot;:&quot;&quot;,&quot;id&quot;:&quot;&quot;,&quot;size&quot;:&quot;&quot;},&quot;jet_parallax_layout_image_mobile&quot;:{&quot;url&quot;:&quot;&quot;,&quot;id&quot;:&quot;&quot;,&quot;size&quot;:&quot;&quot;},&quot;jet_parallax_layout_speed&quot;:{&quot;unit&quot;:&quot;%&quot;,&quot;size&quot;:50,&quot;sizes&quot;:[]},&quot;jet_parallax_layout_type&quot;:&quot;scroll&quot;,&quot;jet_parallax_layout_direction&quot;:null,&quot;jet_parallax_layout_fx_direction&quot;:null,&quot;jet_parallax_layout_z_index&quot;:&quot;&quot;,&quot;jet_parallax_layout_bg_x&quot;:50,&quot;jet_parallax_layout_bg_x_tablet&quot;:&quot;&quot;,&quot;jet_parallax_layout_bg_x_mobile&quot;:&quot;&quot;,&quot;jet_parallax_layout_bg_y&quot;:50,&quot;jet_parallax_layout_bg_y_tablet&quot;:&quot;&quot;,&quot;jet_parallax_layout_bg_y_mobile&quot;:&quot;&quot;,&quot;jet_parallax_layout_bg_size&quot;:&quot;auto&quot;,&quot;jet_parallax_layout_bg_size_tablet&quot;:&quot;&quot;,&quot;jet_parallax_layout_bg_size_mobile&quot;:&quot;&quot;,&quot;jet_parallax_layout_animation_prop&quot;:&quot;transform&quot;,&quot;jet_parallax_layout_on&quot;:[&quot;desktop&quot;,&quot;tablet&quot;]}],&quot;background_background&quot;:&quot;classic&quot;,&quot;_ob_bbad_use_it&quot;:&quot;yes&quot;,&quot;_ob_bbad_sssic_use&quot;:&quot;no&quot;,&quot;_ob_glider_is_slider&quot;:&quot;no&quot;}\">\n\t\t\t\t\t\t<div class=\"elementor-container elementor-column-gap-wide\">\n\t\t\t\t\t<div class=\"elementor-column elementor-col-100 elementor-top-column elementor-element elementor-element-2bdfc29\" data-id=\"2bdfc29\" data-element_type=\"column\" data-e-type=\"column\" data-settings=\"{&quot;_ob_bbad_is_stalker&quot;:&quot;no&quot;,&quot;_ob_teleporter_use&quot;:false,&quot;_ob_column_hoveranimator&quot;:&quot;no&quot;,&quot;_ob_column_has_pseudo&quot;:&quot;no&quot;}\">\n\t\t\t<div class=\"elementor-widget-wrap elementor-element-populated\">\n\t\t\t\t\t\t<div class=\"elementor-element elementor-element-8046064 elementor-invisible ob-has-background-overlay elementor-widget elementor-widget-jet-carousel\" data-id=\"8046064\" data-element_type=\"widget\" data-e-type=\"widget\" data-settings=\"{&quot;slides_to_show&quot;:&quot;7&quot;,&quot;slides_to_show_tablet&quot;:&quot;4&quot;,&quot;slides_to_scroll_tablet&quot;:&quot;1&quot;,&quot;slides_to_show_mobile&quot;:&quot;2&quot;,&quot;slides_to_scroll_mobile&quot;:&quot;2&quot;,&quot;_animation&quot;:&quot;fadeInUp&quot;,&quot;slides_to_scroll&quot;:&quot;1&quot;,&quot;_ob_perspektive_use&quot;:&quot;no&quot;,&quot;_ob_poopart_use&quot;:&quot;yes&quot;,&quot;_ob_shadough_use&quot;:&quot;no&quot;,&quot;_ob_allow_hoveranimator&quot;:&quot;no&quot;,&quot;_ob_widget_stalker_use&quot;:&quot;no&quot;}\" data-widget_type=\"jet-carousel.default\">\n\t\t\t\t<div class=\"elementor-widget-container\">\n\t\t\t\t\t<div class=\"elementor-jet-carousel jet-elements\"><div class=\"jet-carousel-wrap jet-equal-cols\">\n\t<div class=\"jet-carousel\" data-slider_options=\"{&quot;autoplaySpeed&quot;:5000,&quot;autoplay&quot;:true,&quot;infinite&quot;:true,&quot;centerMode&quot;:false,&quot;centerPadding&quot;:&quot;50px&quot;,&quot;pauseOnHover&quot;:false,&quot;speed&quot;:500,&quot;arrows&quot;:false,&quot;dots&quot;:false,&quot;variableWidth&quot;:false,&quot;prevArrow&quot;:&quot;.jet-carousel__prev-arrow-8046064&quot;,&quot;nextArrow&quot;:&quot;.jet-carousel__next-arrow-8046064&quot;,&quot;rtl&quot;:false,&quot;fractionNav&quot;:false}\" dir=\"ltr\">\n\t<div class=\"elementor-slick-slider\">\n\n<div class=\"jet-carousel__item\">\n\t<div class=\"jet-carousel__item-inner\"><a href=\"https:\/\/cafesbatalla.com\/fr\/produits\/notre-cafe\/100-arabicas\/\" class=\"jet-carousel__item-link\" ><img decoding=\"async\" src=\"https:\/\/cafesbatalla.com\/wp-content\/uploads\/cafes-batalla-arabicas-port-moka-unico-1.jpg\" class=\"jet-carousel__item-img\" alt=\"caf\u00e9s-battle-arabicas-port-moka-unico\" loading=\"lazy\"><\/a><div class=\"jet-carousel__content\"><h2 class=\"jet-carousel__item-title\"><a href=\"https:\/\/cafesbatalla.com\/fr\/produits\/notre-cafe\/100-arabicas\/\">100% Arabica<\/a><\/h2><div class=\"jet-carousel__item-text\">Caf\u00e9 de haute qualit\u00e9 fait \u00e0 partir des coffeesar\u00e1bicas les plus purs, provenant des meilleures plantations du monde.<\/div><\/div><\/div>\n<\/div>\n\n<div class=\"jet-carousel__item\">\n\t<div class=\"jet-carousel__item-inner\"><a href=\"https:\/\/cafesbatalla.com\/fr\/produits\/notre-cafe\/arabica-robusta\/\" class=\"jet-carousel__item-link\" ><img decoding=\"async\" src=\"https:\/\/cafesbatalla.com\/wp-content\/uploads\/cafes-batalla-arabica-robusta-tarrazu-moka-1kg-1-1.jpg\" class=\"jet-carousel__item-img\" alt=\"cafes-battle-arabica-robusta-tarrazu-moka-1kg-1\" loading=\"lazy\"><\/a><div class=\"jet-carousel__content\"><h2 class=\"jet-carousel__item-title\"><a href=\"https:\/\/cafesbatalla.com\/fr\/produits\/notre-cafe\/arabica-robusta\/\">Arabica + Robusta<\/a><\/h2><div class=\"jet-carousel__item-text\">M\u00e9lange int\u00e9ressant de la d\u00e9licatesse d'un arabica et de l'intensit\u00e9 d'un bon robusta.<\/div><\/div><\/div>\n<\/div>\n\n<div class=\"jet-carousel__item\">\n\t<div class=\"jet-carousel__item-inner\"><a href=\"https:\/\/cafesbatalla.com\/fr\/produits\/notre-cafe\/biologique-et-commerce-equitable\/\" class=\"jet-carousel__item-link\" ><img decoding=\"async\" src=\"https:\/\/cafesbatalla.com\/wp-content\/uploads\/cafes-batalla-ecologico-y-comercio-justo-pura-vida-1kg-1.jpg\" class=\"jet-carousel__item-img\" alt=\"caf\u00e9-battle-caf\u00e9-\u00e9cologique-et-commerce-\u00e9quitable-pure-vie-1kg\" loading=\"lazy\"><\/a><div class=\"jet-carousel__content\"><h2 class=\"jet-carousel__item-title\"><a href=\"https:\/\/cafesbatalla.com\/fr\/produits\/notre-cafe\/biologique-et-commerce-equitable\/\">Biologique et commerce \u00e9quitable<\/a><\/h2><div class=\"jet-carousel__item-text\">Caf\u00e9 \u00e0 responsabilit\u00e9 sociale et environnementale<\/div><\/div><\/div>\n<\/div>\n\n<div class=\"jet-carousel__item\">\n\t<div class=\"jet-carousel__item-inner\"><a href=\"https:\/\/cafesbatalla.com\/fr\/produits\/notre-cafe\/decafeine\/\" class=\"jet-carousel__item-link\" ><img decoding=\"async\" src=\"https:\/\/cafesbatalla.com\/wp-content\/uploads\/cafes-batalla-arabica-descafeinado-lata-2kg-1.jpg\" class=\"jet-carousel__item-img\" alt=\"caf\u00e9-battle-arabica-d\u00e9caf\u00e9in\u00e9-bo\u00eete-2kg\" loading=\"lazy\"><\/a><div class=\"jet-carousel__content\"><h2 class=\"jet-carousel__item-title\"><a href=\"https:\/\/cafesbatalla.com\/fr\/produits\/notre-cafe\/decafeine\/\">D\u00e9caf\u00e9in\u00e9<\/a><\/h2><div class=\"jet-carousel__item-text\">S\u00e9lection des meilleures origines d\u00e9caf\u00e9in\u00e9es par m\u00e9thode naturelle \u00e0 l'eau de source<\/div><\/div><\/div>\n<\/div>\n\n<div class=\"jet-carousel__item\">\n\t<div class=\"jet-carousel__item-inner\"><a href=\"https:\/\/cafesbatalla.com\/fr\/produits\/notre-cafe\/capsules-professionnelles\/\" class=\"jet-carousel__item-link\" ><img decoding=\"async\" src=\"https:\/\/cafesbatalla.com\/wp-content\/uploads\/cafes-ballata-capsulas-profesionalles-el-abra-7gr.jpg\" class=\"jet-carousel__item-img\" alt=\"cafes-ballata-capsules-professionnelles-capsules-el-abra-7gr\" loading=\"lazy\"><\/a><div class=\"jet-carousel__content\"><h2 class=\"jet-carousel__item-title\"><a href=\"https:\/\/cafesbatalla.com\/fr\/produits\/notre-cafe\/capsules-professionnelles\/\">Capsules professionnelles<\/a><\/h2><div class=\"jet-carousel__item-text\">Un grand caf\u00e9 pour chaque moment<\/div><\/div><\/div>\n<\/div>\n\n<div class=\"jet-carousel__item\">\n\t<div class=\"jet-carousel__item-inner\"><a href=\"https:\/\/cafesbatalla.com\/fr\/produits\/notre-cafe\/capsules-compatibles-2\/\" class=\"jet-carousel__item-link\" ><img decoding=\"async\" src=\"https:\/\/cafesbatalla.com\/wp-content\/uploads\/cafes-batalla-capsulas-compatibles-nespresso-1.jpg\" class=\"jet-carousel__item-img\" alt=\"caf\u00e9-battle-capsules-compatibles-nespresso-1\" loading=\"lazy\"><\/a><div class=\"jet-carousel__content\"><h2 class=\"jet-carousel__item-title\"><a href=\"https:\/\/cafesbatalla.com\/fr\/produits\/notre-cafe\/capsules-compatibles-2\/\">Capsules compatibles<\/a><\/h2><div class=\"jet-carousel__item-text\">Capsules compatibles avec les syst\u00e8mes Nespresso\u00ae et Dolce Gusto\u00ae.<\/div><\/div><\/div>\n<\/div>\n\n<div class=\"jet-carousel__item\">\n\t<div class=\"jet-carousel__item-inner\"><a href=\"https:\/\/cafesbatalla.com\/fr\/produits\/notre-cafe\/cafe-de-specialite\/\" class=\"jet-carousel__item-link\" ><img decoding=\"async\" src=\"https:\/\/cafesbatalla.com\/wp-content\/uploads\/cafes-batalla-cafes-especialidad.jpg\" class=\"jet-carousel__item-img\" alt=\"caf\u00e9-battle-caf\u00e9s-sp\u00e9cialit\u00e9\" loading=\"lazy\"><\/a><div class=\"jet-carousel__content\"><h2 class=\"jet-carousel__item-title\"><a href=\"https:\/\/cafesbatalla.com\/fr\/produits\/notre-cafe\/cafe-de-specialite\/\">Caf\u00e9 de sp\u00e9cialit\u00e9<\/a><\/h2><div class=\"jet-carousel__item-text\">Grains de caf\u00e9 de haute qualit\u00e9, cueillis \u00e0 la main.<\/div><\/div><\/div>\n<\/div>\n<\/div><\/div>\n<\/div>\n<\/div>\t\t\t\t<\/div>\n\t\t\t\t<\/div>\n\t\t\t\t\t<\/div>\n\t\t<\/div>\n\t\t\t\t\t<\/div>\n\t\t<\/section>\n\t\t\t\t<\/div>","protected":false},"excerpt":{"rendered":"<p>Nuestro&nbsp;Caf\u00e9 Seleccionamos el caf\u00e9 de los diferentes or\u00edgenes del mundo. Adem\u00e1s de controlar toda la evoluci\u00f3n del mismo, de la plantaci\u00f3n hasta la taza, para que puedas extraer el mejor expresso. 100% Ar\u00e1bicas Caf\u00e9 de alta calidad elaborado con los caf\u00e9sar\u00e1bicas m\u00e1s puros, originarios de lasmejores plantaciones del mundo Ar\u00e1bica + Robusta Interesantes mezclas de [&hellip;]<\/p>","protected":false},"author":1,"featured_media":0,"parent":2031,"menu_order":0,"comment_status":"closed","ping_status":"closed","template":"","meta":{"footnotes":""},"class_list":["post-2033","page","type-page","status-publish","hentry"],"_links":{"self":[{"href":"https:\/\/cafesbatalla.com\/fr\/wp-json\/wp\/v2\/pages\/2033","targetHints":{"allow":["GET"]}}],"collection":[{"href":"https:\/\/cafesbatalla.com\/fr\/wp-json\/wp\/v2\/pages"}],"about":[{"href":"https:\/\/cafesbatalla.com\/fr\/wp-json\/wp\/v2\/types\/page"}],"author":[{"embeddable":true,"href":"https:\/\/cafesbatalla.com\/fr\/wp-json\/wp\/v2\/users\/1"}],"replies":[{"embeddable":true,"href":"https:\/\/cafesbatalla.com\/fr\/wp-json\/wp\/v2\/comments?post=2033"}],"version-history":[{"count":0,"href":"https:\/\/cafesbatalla.com\/fr\/wp-json\/wp\/v2\/pages\/2033\/revisions"}],"up":[{"embeddable":true,"href":"https:\/\/cafesbatalla.com\/fr\/wp-json\/wp\/v2\/pages\/2031"}],"wp:attachment":[{"href":"https:\/\/cafesbatalla.com\/fr\/wp-json\/wp\/v2\/media?parent=2033"}],"curies":[{"name":"wp","href":"https:\/\/api.w.org\/{rel}","templated":true}]}}