{"id":127,"date":"2021-06-15T16:45:16","date_gmt":"2021-06-15T16:45:16","guid":{"rendered":"http:\/\/cafesbatalla.com\/?page_id=127"},"modified":"2021-08-19T05:23:09","modified_gmt":"2021-08-19T05:23:09","slug":"avis-juridique","status":"publish","type":"page","link":"https:\/\/cafesbatalla.com\/fr\/avis-juridique\/","title":{"rendered":"Avis juridique"},"content":{"rendered":"<div data-elementor-type=\"wp-page\" data-elementor-id=\"127\" class=\"elementor elementor-127\" data-elementor-post-type=\"page\">\n\t\t\t\t\t\t<section class=\"ob-is-breaking-bad elementor-section elementor-top-section elementor-element elementor-element-54be0a6 elementor-section-boxed elementor-section-height-default elementor-section-height-default\" data-id=\"54be0a6\" data-element_type=\"section\" data-e-type=\"section\" data-settings=\"{&quot;jet_parallax_layout_list&quot;:[{&quot;jet_parallax_layout_image&quot;:{&quot;url&quot;:&quot;&quot;,&quot;id&quot;:&quot;&quot;,&quot;size&quot;:&quot;&quot;},&quot;_id&quot;:&quot;5c7017a&quot;,&quot;jet_parallax_layout_image_tablet&quot;:{&quot;url&quot;:&quot;&quot;,&quot;id&quot;:&quot;&quot;,&quot;size&quot;:&quot;&quot;},&quot;jet_parallax_layout_image_mobile&quot;:{&quot;url&quot;:&quot;&quot;,&quot;id&quot;:&quot;&quot;,&quot;size&quot;:&quot;&quot;},&quot;jet_parallax_layout_speed&quot;:{&quot;unit&quot;:&quot;%&quot;,&quot;size&quot;:50,&quot;sizes&quot;:[]},&quot;jet_parallax_layout_type&quot;:&quot;scroll&quot;,&quot;jet_parallax_layout_direction&quot;:null,&quot;jet_parallax_layout_fx_direction&quot;:null,&quot;jet_parallax_layout_z_index&quot;:&quot;&quot;,&quot;jet_parallax_layout_bg_x&quot;:50,&quot;jet_parallax_layout_bg_x_tablet&quot;:&quot;&quot;,&quot;jet_parallax_layout_bg_x_mobile&quot;:&quot;&quot;,&quot;jet_parallax_layout_bg_y&quot;:50,&quot;jet_parallax_layout_bg_y_tablet&quot;:&quot;&quot;,&quot;jet_parallax_layout_bg_y_mobile&quot;:&quot;&quot;,&quot;jet_parallax_layout_bg_size&quot;:&quot;auto&quot;,&quot;jet_parallax_layout_bg_size_tablet&quot;:&quot;&quot;,&quot;jet_parallax_layout_bg_size_mobile&quot;:&quot;&quot;,&quot;jet_parallax_layout_animation_prop&quot;:&quot;transform&quot;,&quot;jet_parallax_layout_on&quot;:[&quot;desktop&quot;,&quot;tablet&quot;]}],&quot;_ob_bbad_use_it&quot;:&quot;yes&quot;,&quot;_ob_bbad_sssic_use&quot;:&quot;no&quot;,&quot;_ob_glider_is_slider&quot;:&quot;no&quot;}\">\n\t\t\t\t\t\t<div class=\"elementor-container elementor-column-gap-default\">\n\t\t\t\t\t<div class=\"elementor-column elementor-col-100 elementor-top-column elementor-element elementor-element-42621c9\" data-id=\"42621c9\" data-element_type=\"column\" data-e-type=\"column\" data-settings=\"{&quot;_ob_bbad_is_stalker&quot;:&quot;no&quot;,&quot;_ob_teleporter_use&quot;:false,&quot;_ob_column_hoveranimator&quot;:&quot;no&quot;,&quot;_ob_column_has_pseudo&quot;:&quot;no&quot;}\">\n\t\t\t<div class=\"elementor-widget-wrap elementor-element-populated\">\n\t\t\t\t\t\t<div class=\"elementor-element elementor-element-d7a4a18 elementor-invisible ob-has-background-overlay elementor-widget elementor-widget-jet-headline\" data-id=\"d7a4a18\" data-element_type=\"widget\" data-e-type=\"widget\" data-settings=\"{&quot;_animation&quot;:&quot;fadeInDown&quot;,&quot;_animation_mobile&quot;:&quot;none&quot;,&quot;_ob_perspektive_use&quot;:&quot;no&quot;,&quot;_ob_poopart_use&quot;:&quot;yes&quot;,&quot;_ob_shadough_use&quot;:&quot;no&quot;,&quot;_ob_allow_hoveranimator&quot;:&quot;no&quot;,&quot;_ob_widget_stalker_use&quot;:&quot;no&quot;}\" data-widget_type=\"jet-headline.default\">\n\t\t\t\t<div class=\"elementor-widget-container\">\n\t\t\t\t\t<h1 class=\"jet-headline jet-headline--direction-horizontal\"><span class=\"jet-headline__part jet-headline__first\"><span class=\"jet-headline__label\">Avis<\/span><\/span><span class=\"jet-headline__space\">&nbsp;<\/span><span class=\"jet-headline__part jet-headline__second\"><span class=\"jet-headline__label\">Juridique<\/span><\/span><\/h1>\t\t\t\t<\/div>\n\t\t\t\t<\/div>\n\t\t\t\t<div class=\"elementor-element elementor-element-010c3b2 ob-harakiri-inherit elementor-invisible ob-has-background-overlay elementor-widget elementor-widget-text-editor\" data-id=\"010c3b2\" data-element_type=\"widget\" data-e-type=\"widget\" data-settings=\"{&quot;_animation&quot;:&quot;fadeIn&quot;,&quot;_ob_use_harakiri&quot;:&quot;yes&quot;,&quot;_ob_harakiri_writing_mode&quot;:&quot;inherit&quot;,&quot;_ob_postman_use&quot;:&quot;no&quot;,&quot;_ob_perspektive_use&quot;:&quot;no&quot;,&quot;_ob_poopart_use&quot;:&quot;yes&quot;,&quot;_ob_shadough_use&quot;:&quot;no&quot;,&quot;_ob_allow_hoveranimator&quot;:&quot;no&quot;,&quot;_ob_widget_stalker_use&quot;:&quot;no&quot;}\" data-widget_type=\"text-editor.default\">\n\t\t\t\t<div class=\"elementor-widget-container\">\n\t\t\t\t\t\t\t\t\t<div>Par le pr\u00e9sent avis, CAFES BATALLA 2000 S.L., avec NIF B31543259 et adresse Pol\u00edgono Industrial Cam\u00ed dels Frares Calle C (3a fase) Parcela 69, N-1, CP 25191 de Lleida (ci-apr\u00e8s, le prestataire de services) informe les utilisateurs, conform\u00e9ment \u00e0 l'article 13 du r\u00e8glement UE 2016\/679 du Parlement europ\u00e9en et du Conseil, du 27 avril 2016, relatif \u00e0 la protection des donn\u00e9es \u00e0 caract\u00e8re personnel (ci-apr\u00e8s, le R\u00e8glement), afin qu'ils puissent d\u00e9cider express\u00e9ment, librement et volontairement s'ils souhaitent fournir les donn\u00e9es personnelles demand\u00e9es sur le site web pour la prestation de ses services.<\/div><div>\u00a0<\/div><div>Il est \u00e9galement pr\u00e9cis\u00e9 que la finalit\u00e9 du traitement des donn\u00e9es fournies par les utilisateurs est exclusivement le traitement de leur demande ou requ\u00eate effectu\u00e9e \u00e0 travers ce site web et, le cas \u00e9ch\u00e9ant, si les utilisateurs y consentent express\u00e9ment en cochant la case correspondante au bas du formulaire de collecte des donn\u00e9es, l'envoi d'informations sur les activit\u00e9s du Prestataire susceptibles de les int\u00e9resser, \u00e9tant entendu qu'en envoyant leurs donn\u00e9es, ils autorisent express\u00e9ment le Prestataire \u00e0 traiter leurs donn\u00e9es aux fins susmentionn\u00e9es. Le consentement donn\u00e9, qui constitue la base juridique l\u00e9gitimant le traitement des donn\u00e9es, peut \u00eatre r\u00e9voqu\u00e9 \u00e0 tout moment sans affecter la l\u00e9galit\u00e9 du traitement fond\u00e9 sur le consentement avant son retrait.<\/div><div>\u00a0<\/div><div>Sauf indication contraire, il est n\u00e9cessaire de compl\u00e9ter toutes les donn\u00e9es requises dans le formulaire de donn\u00e9es. Si toutes les donn\u00e9es jug\u00e9es n\u00e9cessaires ne sont pas fournies, le prestataire de services peut, selon le cas, ne pas traiter la demande sp\u00e9cifique qui lui a \u00e9t\u00e9 adress\u00e9e. Les donn\u00e9es fournies seront conserv\u00e9es jusqu'\u00e0 ce que l'utilisateur d\u00e9cide de r\u00e9voquer son consentement au traitement.<\/div><div>\u00a0<\/div><div>L'utilisateur est tenu de remplir les formulaires avec des donn\u00e9es v\u00e9ridiques, exactes, compl\u00e8tes et \u00e0 jour, et il est responsable des dommages qui pourraient r\u00e9sulter du fait que les formulaires ont \u00e9t\u00e9 mal remplis avec des donn\u00e9es fausses, inexactes, incompl\u00e8tes ou p\u00e9rim\u00e9es.<\/div><div>\u00a0<\/div><div>Le prestataire de services a adopt\u00e9 les niveaux de s\u00e9curit\u00e9 de protection des donn\u00e9es personnelles requis par la l\u00e9gislation en vigueur en mati\u00e8re de protection des donn\u00e9es, en mettant en place les mesures techniques et organisationnelles n\u00e9cessaires pour pr\u00e9venir la perte, l'utilisation abusive, l'alt\u00e9ration, l'acc\u00e8s non autoris\u00e9 et d'autres risques \u00e9ventuels.<\/div><div>De m\u00eame, le prestataire de services s'engage \u00e0 respecter son obligation de confidentialit\u00e9 des donn\u00e9es \u00e0 caract\u00e8re personnel et son obligation de les conserver et adoptera toutes les mesures n\u00e9cessaires pour \u00e9viter leur alt\u00e9ration, perte, traitement ou acc\u00e8s non autoris\u00e9, en tenant compte de l'\u00e9tat de la technologie \u00e0 tout moment.\u00a0<\/div><div>Les utilisateurs ou les personnes qui les repr\u00e9sentent peuvent \u00e0 tout moment exercer leur droit d'acc\u00e8s, de rectification, de suppression et, le cas \u00e9ch\u00e9ant, d'opposition conform\u00e9ment aux dispositions du R\u00e8glement, en adressant une communication \u00e9crite \u00e0 CAFES BATALLA 2000 S.L., \u00e0 l'adresse postale suivante : Pol\u00edgono Industrial Cam\u00ed dels Frares Calle C (3a fase) Parcela 69, N-1, CP 25191 de Lleida, et\/ou par courrier \u00e9lectronique :\u00a0<a class=\"mailto\" href=\"mailto:info@cafesbatalla.com\">info@cafesbatalla.com<\/a>\u00a0dans lequel l'identit\u00e9 de l'utilisateur est prouv\u00e9e.\u00a0<\/div><div>\u00a0<\/div><div>Dans le cas o\u00f9 le prestataire de services fournit un type de service particulier dans lequel il d\u00e9termine des dispositions sp\u00e9cifiques diff\u00e9rentes des pr\u00e9sentes, en ce qui concerne la protection des donn\u00e9es, l'application des r\u00e8gles particuli\u00e8res indiqu\u00e9es pour ce service particulier pr\u00e9vaudra sur les pr\u00e9sentes r\u00e8gles en cas d'incoh\u00e9rence.<\/div><div>Le prestataire de services se r\u00e9serve le droit de modifier cette politique, en informant les utilisateurs \u00e0 l'avance de tout changement.<\/div><div>Les utilisateurs ont le droit de d\u00e9poser une plainte aupr\u00e8s de l'Agence espagnole de protection des donn\u00e9es s'ils estiment que leurs droits en mati\u00e8re de protection des donn\u00e9es ont \u00e9t\u00e9 viol\u00e9s.<\/div>\t\t\t\t\t\t\t\t<\/div>\n\t\t\t\t<\/div>\n\t\t\t\t\t<\/div>\n\t\t<\/div>\n\t\t\t\t\t<\/div>\n\t\t<\/section>\n\t\t\t\t<\/div>","protected":false},"excerpt":{"rendered":"<p>Aviso&nbsp;Legal A trav\u00e9s del presente aviso, CAFES BATALLA 2000 S.L., con NIF B31543259 y domicilio en el Pol\u00edgono Industrial Cam\u00ed dels Frares Calle C (3a fase) Parcela 69, N-1, CP 25191 de Lleida (en adelante, el Prestador del Servicio) informa a los usuarios en cumplimiento del art\u00edculo 13 de Reglamento UE 2016\/679 del Parlamento Europeo [&hellip;]<\/p>","protected":false},"author":1,"featured_media":0,"parent":0,"menu_order":0,"comment_status":"closed","ping_status":"closed","template":"","meta":{"footnotes":""},"class_list":["post-127","page","type-page","status-publish","hentry"],"_links":{"self":[{"href":"https:\/\/cafesbatalla.com\/fr\/wp-json\/wp\/v2\/pages\/127","targetHints":{"allow":["GET"]}}],"collection":[{"href":"https:\/\/cafesbatalla.com\/fr\/wp-json\/wp\/v2\/pages"}],"about":[{"href":"https:\/\/cafesbatalla.com\/fr\/wp-json\/wp\/v2\/types\/page"}],"author":[{"embeddable":true,"href":"https:\/\/cafesbatalla.com\/fr\/wp-json\/wp\/v2\/users\/1"}],"replies":[{"embeddable":true,"href":"https:\/\/cafesbatalla.com\/fr\/wp-json\/wp\/v2\/comments?post=127"}],"version-history":[{"count":0,"href":"https:\/\/cafesbatalla.com\/fr\/wp-json\/wp\/v2\/pages\/127\/revisions"}],"wp:attachment":[{"href":"https:\/\/cafesbatalla.com\/fr\/wp-json\/wp\/v2\/media?parent=127"}],"curies":[{"name":"wp","href":"https:\/\/api.w.org\/{rel}","templated":true}]}}