{"id":125,"date":"2021-06-15T16:45:07","date_gmt":"2021-06-15T16:45:07","guid":{"rendered":"http:\/\/cafesbatalla.com\/?page_id=125"},"modified":"2021-08-19T05:34:56","modified_gmt":"2021-08-19T05:34:56","slug":"politique-de-confidentialite","status":"publish","type":"page","link":"https:\/\/cafesbatalla.com\/fr\/politique-de-confidentialite\/","title":{"rendered":"Politique de confidentialit\u00e9"},"content":{"rendered":"<div data-elementor-type=\"wp-page\" data-elementor-id=\"125\" class=\"elementor elementor-125\" data-elementor-post-type=\"page\">\n\t\t\t\t\t\t<section class=\"ob-is-breaking-bad elementor-section elementor-top-section elementor-element elementor-element-22cc887 elementor-section-boxed elementor-section-height-default elementor-section-height-default\" data-id=\"22cc887\" data-element_type=\"section\" data-e-type=\"section\" data-settings=\"{&quot;jet_parallax_layout_list&quot;:[{&quot;jet_parallax_layout_image&quot;:{&quot;url&quot;:&quot;&quot;,&quot;id&quot;:&quot;&quot;,&quot;size&quot;:&quot;&quot;},&quot;_id&quot;:&quot;5c7017a&quot;,&quot;jet_parallax_layout_image_tablet&quot;:{&quot;url&quot;:&quot;&quot;,&quot;id&quot;:&quot;&quot;,&quot;size&quot;:&quot;&quot;},&quot;jet_parallax_layout_image_mobile&quot;:{&quot;url&quot;:&quot;&quot;,&quot;id&quot;:&quot;&quot;,&quot;size&quot;:&quot;&quot;},&quot;jet_parallax_layout_speed&quot;:{&quot;unit&quot;:&quot;%&quot;,&quot;size&quot;:50,&quot;sizes&quot;:[]},&quot;jet_parallax_layout_type&quot;:&quot;scroll&quot;,&quot;jet_parallax_layout_direction&quot;:null,&quot;jet_parallax_layout_fx_direction&quot;:null,&quot;jet_parallax_layout_z_index&quot;:&quot;&quot;,&quot;jet_parallax_layout_bg_x&quot;:50,&quot;jet_parallax_layout_bg_x_tablet&quot;:&quot;&quot;,&quot;jet_parallax_layout_bg_x_mobile&quot;:&quot;&quot;,&quot;jet_parallax_layout_bg_y&quot;:50,&quot;jet_parallax_layout_bg_y_tablet&quot;:&quot;&quot;,&quot;jet_parallax_layout_bg_y_mobile&quot;:&quot;&quot;,&quot;jet_parallax_layout_bg_size&quot;:&quot;auto&quot;,&quot;jet_parallax_layout_bg_size_tablet&quot;:&quot;&quot;,&quot;jet_parallax_layout_bg_size_mobile&quot;:&quot;&quot;,&quot;jet_parallax_layout_animation_prop&quot;:&quot;transform&quot;,&quot;jet_parallax_layout_on&quot;:[&quot;desktop&quot;,&quot;tablet&quot;]}],&quot;_ob_bbad_use_it&quot;:&quot;yes&quot;,&quot;_ob_bbad_sssic_use&quot;:&quot;no&quot;,&quot;_ob_glider_is_slider&quot;:&quot;no&quot;}\">\n\t\t\t\t\t\t<div class=\"elementor-container elementor-column-gap-default\">\n\t\t\t\t\t<div class=\"elementor-column elementor-col-100 elementor-top-column elementor-element elementor-element-706ee8e\" data-id=\"706ee8e\" data-element_type=\"column\" data-e-type=\"column\" data-settings=\"{&quot;_ob_bbad_is_stalker&quot;:&quot;no&quot;,&quot;_ob_teleporter_use&quot;:false,&quot;_ob_column_hoveranimator&quot;:&quot;no&quot;,&quot;_ob_column_has_pseudo&quot;:&quot;no&quot;}\">\n\t\t\t<div class=\"elementor-widget-wrap elementor-element-populated\">\n\t\t\t\t\t\t<div class=\"elementor-element elementor-element-b0707fc elementor-invisible ob-has-background-overlay elementor-widget elementor-widget-jet-headline\" data-id=\"b0707fc\" data-element_type=\"widget\" data-e-type=\"widget\" data-settings=\"{&quot;_animation&quot;:&quot;fadeInDown&quot;,&quot;_animation_mobile&quot;:&quot;none&quot;,&quot;_ob_perspektive_use&quot;:&quot;no&quot;,&quot;_ob_poopart_use&quot;:&quot;yes&quot;,&quot;_ob_shadough_use&quot;:&quot;no&quot;,&quot;_ob_allow_hoveranimator&quot;:&quot;no&quot;,&quot;_ob_widget_stalker_use&quot;:&quot;no&quot;}\" data-widget_type=\"jet-headline.default\">\n\t\t\t\t<div class=\"elementor-widget-container\">\n\t\t\t\t\t<h1 class=\"jet-headline jet-headline--direction-horizontal\"><span class=\"jet-headline__part jet-headline__first\"><span class=\"jet-headline__label\">Politique<\/span><\/span><span class=\"jet-headline__space\">&nbsp;<\/span><span class=\"jet-headline__part jet-headline__second\"><span class=\"jet-headline__label\">politique de confidentialit\u00e9<\/span><\/span><\/h1>\t\t\t\t<\/div>\n\t\t\t\t<\/div>\n\t\t\t\t<div class=\"elementor-element elementor-element-57f7812 ob-harakiri-inherit elementor-invisible ob-has-background-overlay elementor-widget elementor-widget-text-editor\" data-id=\"57f7812\" data-element_type=\"widget\" data-e-type=\"widget\" data-settings=\"{&quot;_animation&quot;:&quot;fadeIn&quot;,&quot;_ob_use_harakiri&quot;:&quot;yes&quot;,&quot;_ob_harakiri_writing_mode&quot;:&quot;inherit&quot;,&quot;_ob_postman_use&quot;:&quot;no&quot;,&quot;_ob_perspektive_use&quot;:&quot;no&quot;,&quot;_ob_poopart_use&quot;:&quot;yes&quot;,&quot;_ob_shadough_use&quot;:&quot;no&quot;,&quot;_ob_allow_hoveranimator&quot;:&quot;no&quot;,&quot;_ob_widget_stalker_use&quot;:&quot;no&quot;}\" data-widget_type=\"text-editor.default\">\n\t\t\t\t<div class=\"elementor-widget-container\">\n\t\t\t\t\t\t\t\t\t<div><h3><strong>Informations sur l'utilisateur<\/strong><\/h3><p><strong>CAF\u00c9S BATALLA 2000 S.L.<\/strong>ci-apr\u00e8s RESPONSABLE, est responsable du traitement des donn\u00e9es personnelles de l'Utilisateur et vous informe que ces donn\u00e9es seront trait\u00e9es conform\u00e9ment aux dispositions de la r\u00e9glementation en vigueur en mati\u00e8re de protection des donn\u00e9es personnelles, le R\u00e8glement (UE) 2016\/679 du 27 avril 2016 (GDPR) relatif \u00e0 la protection des personnes physiques \u00e0 l'\u00e9gard du traitement des donn\u00e9es \u00e0 caract\u00e8re personnel et \u00e0 la libre circulation de ces donn\u00e9es, raison pour laquelle les informations de traitement suivantes vous sont fournies :<\/p><p><strong>Fin du traitement<\/strong>entretenir une relation commerciale avec l'utilisateur. Les op\u00e9rations envisag\u00e9es pour effectuer le traitement sont :<\/p><ul><li>L'envoi de communications commerciales publicitaires par courrier \u00e9lectronique, fax, SMS, MMS, communaut\u00e9s sociales ou tout autre moyen \u00e9lectronique ou physique, pr\u00e9sent ou futur, permettant d'effectuer des communications commerciales, \u00e0 condition qu'elles aient \u00e9t\u00e9 autoris\u00e9es au pr\u00e9alable. Ces communications seront effectu\u00e9es par le RESPONSABLE et concerneront ses produits et services, ou ceux de ses collaborateurs ou fournisseurs avec lesquels il a conclu un accord promotionnel. Dans ce cas, les tiers n'auront jamais acc\u00e8s aux donn\u00e9es personnelles.<\/li><li>R\u00e9aliser des \u00e9tudes statistiques.<\/li><li>Traiter les commandes, les demandes ou tout autre type de demande formul\u00e9e par l'utilisateur par le biais de l'une des formes de contact mises \u00e0 sa disposition.<\/li><li>Envoyer la lettre d'information du site web.<\/li><\/ul><p><strong>Crit\u00e8res de conservation des donn\u00e9es :<\/strong>\u00a0conserv\u00e9es aussi longtemps qu'il existe un int\u00e9r\u00eat mutuel \u00e0 maintenir la finalit\u00e9 du traitement et, lorsqu'elles ne sont plus n\u00e9cessaires \u00e0 cette fin, effac\u00e9es avec des mesures de s\u00e9curit\u00e9 appropri\u00e9es pour garantir la pseudonymisation des donn\u00e9es ou la destruction compl\u00e8te des donn\u00e9es.<\/p><p><strong>Communication de donn\u00e9es :<\/strong>\u00a0Les donn\u00e9es ne seront pas communiqu\u00e9es \u00e0 des tiers, sauf obligation l\u00e9gale.<\/p><p><strong>Droits de l'utilisateur :<\/strong><\/p><ul><li>Droit de retirer son consentement \u00e0 tout moment.<\/li><li>Le droit d'acc\u00e8s, de rectification, de portabilit\u00e9 et d'effacement de vos donn\u00e9es et le droit de limiter ou de s'opposer \u00e0 leur traitement.<\/li><li>Le droit d'introduire une r\u00e9clamation aupr\u00e8s de l'autorit\u00e9 de contr\u00f4le (www.aepd.es.) si vous estimez que le traitement n'est pas conforme \u00e0 la r\u00e9glementation en vigueur.<\/li><\/ul><p><strong><br \/>Coordonn\u00e9es pour l'exercice de vos droits :<\/strong><\/p><p style=\"padding-left: 40px;\"><strong>CAF\u00c9S BATALLA 2000 S.L.<\/strong><br \/>Adresse postale : Pol\u00edgono Industrial Cam\u00ed dels Frares Calle C (3a fase) Parcela 69, N-1<br \/>25191 Lleida (LLEIDA)<br \/>E-mail :\u00a0<a class=\"mailto\" href=\"mailto:info@cafesbatalla.com\">info@cafesbatalla.com<\/a><\/p><h3><strong>Caract\u00e8re obligatoire ou facultatif des informations fournies par l'utilisateur<\/strong><\/h3><p>Les utilisateurs, en cochant les cases correspondantes et en saisissant des donn\u00e9es dans les champs marqu\u00e9s d'un ast\u00e9risque (*) dans le formulaire de contact ou pr\u00e9sent\u00e9s dans les formulaires de t\u00e9l\u00e9chargement, acceptent express\u00e9ment, librement et sans \u00e9quivoque que leurs donn\u00e9es soient n\u00e9cessaires pour r\u00e9pondre \u00e0 leur demande, par le fournisseur, \u00e9tant volontaire l'inclusion de donn\u00e9es dans les champs restants. L'utilisateur garantit que les donn\u00e9es personnelles fournies au RESPONSABLE sont v\u00e9ridiques et est responsable de la communication de tout changement les concernant.<\/p><p>Le RESPONSABLE informe et garantit express\u00e9ment aux utilisateurs que leurs donn\u00e9es personnelles ne seront en aucun cas c\u00e9d\u00e9es \u00e0 des tiers et qu'en cas de cession de donn\u00e9es personnelles, le consentement expr\u00e8s, inform\u00e9 et sans \u00e9quivoque des utilisateurs sera demand\u00e9 au pr\u00e9alable. Toutes les donn\u00e9es demand\u00e9es par le biais du site web sont obligatoires, car elles sont n\u00e9cessaires \u00e0 la prestation d'un service optimal \u00e0 l'utilisateur. Dans le cas o\u00f9 toutes les donn\u00e9es ne seraient pas fournies, il n'est pas garanti que les informations et les services fournis soient parfaitement adapt\u00e9s \u00e0 vos besoins.<\/p><h3><strong>Mesures de s\u00e9curit\u00e9<\/strong><\/h3><p>Que, conform\u00e9ment aux dispositions de la r\u00e9glementation en vigueur en mati\u00e8re de protection des donn\u00e9es \u00e0 caract\u00e8re personnel, le RESPONSABLE respecte toutes les dispositions de la r\u00e9glementation GDPR pour le traitement des donn\u00e9es \u00e0 caract\u00e8re personnel sous sa responsabilit\u00e9, et manifestement les principes d\u00e9crits \u00e0 l'article 5 du GDPR, selon lesquels ces donn\u00e9es sont trait\u00e9es de mani\u00e8re licite, loyale et transparente par rapport \u00e0 la personne concern\u00e9e et sont ad\u00e9quates, pertinentes et limit\u00e9es \u00e0 ce qui est n\u00e9cessaire au regard des finalit\u00e9s pour lesquelles elles sont trait\u00e9es.<\/p><p>Le RESPONSABLE garantit qu'il a mis en \u0153uvre les politiques techniques et organisationnelles appropri\u00e9es pour appliquer les mesures de s\u00e9curit\u00e9 \u00e9nonc\u00e9es dans le GDPR afin de prot\u00e9ger les droits et libert\u00e9s des Utilisateurs et qu'il a communiqu\u00e9 les informations appropri\u00e9es aux Utilisateurs pour leur permettre d'exercer ces droits et libert\u00e9s.<\/p><\/div>\t\t\t\t\t\t\t\t<\/div>\n\t\t\t\t<\/div>\n\t\t\t\t\t<\/div>\n\t\t<\/div>\n\t\t\t\t\t<\/div>\n\t\t<\/section>\n\t\t\t\t<\/div>","protected":false},"excerpt":{"rendered":"<p>Pol\u00edtica&nbsp;de privacidad Informaci\u00f3n al usuario CAFES BATALLA 2000 S.L., en adelante RESPONSABLE, es el Responsable del tratamiento de los datos personales del Usuario y le informa que estos datos ser\u00e1n tratados de conformidad con lo dispuesto en las normativas vigentes en protecci\u00f3n de datos personales, el Reglamento (UE) 2016\/679 de 27 de abril de 2016 [&hellip;]<\/p>","protected":false},"author":1,"featured_media":0,"parent":0,"menu_order":0,"comment_status":"closed","ping_status":"closed","template":"","meta":{"footnotes":""},"class_list":["post-125","page","type-page","status-publish","hentry"],"_links":{"self":[{"href":"https:\/\/cafesbatalla.com\/fr\/wp-json\/wp\/v2\/pages\/125","targetHints":{"allow":["GET"]}}],"collection":[{"href":"https:\/\/cafesbatalla.com\/fr\/wp-json\/wp\/v2\/pages"}],"about":[{"href":"https:\/\/cafesbatalla.com\/fr\/wp-json\/wp\/v2\/types\/page"}],"author":[{"embeddable":true,"href":"https:\/\/cafesbatalla.com\/fr\/wp-json\/wp\/v2\/users\/1"}],"replies":[{"embeddable":true,"href":"https:\/\/cafesbatalla.com\/fr\/wp-json\/wp\/v2\/comments?post=125"}],"version-history":[{"count":0,"href":"https:\/\/cafesbatalla.com\/fr\/wp-json\/wp\/v2\/pages\/125\/revisions"}],"wp:attachment":[{"href":"https:\/\/cafesbatalla.com\/fr\/wp-json\/wp\/v2\/media?parent=125"}],"curies":[{"name":"wp","href":"https:\/\/api.w.org\/{rel}","templated":true}]}}