{"id":123,"date":"2021-06-15T16:44:57","date_gmt":"2021-06-15T16:44:57","guid":{"rendered":"http:\/\/cafesbatalla.com\/?page_id=123"},"modified":"2021-08-19T05:35:38","modified_gmt":"2021-08-19T05:35:38","slug":"politique-en-matiere-de-cookies","status":"publish","type":"page","link":"https:\/\/cafesbatalla.com\/fr\/politique-en-matiere-de-cookies\/","title":{"rendered":"Politique en mati\u00e8re de cookies"},"content":{"rendered":"<div data-elementor-type=\"wp-page\" data-elementor-id=\"123\" class=\"elementor elementor-123\" data-elementor-post-type=\"page\">\n\t\t\t\t\t\t<section class=\"ob-is-breaking-bad elementor-section elementor-top-section elementor-element elementor-element-026b4ce elementor-section-boxed elementor-section-height-default elementor-section-height-default\" data-id=\"026b4ce\" data-element_type=\"section\" data-e-type=\"section\" data-settings=\"{&quot;jet_parallax_layout_list&quot;:[{&quot;jet_parallax_layout_image&quot;:{&quot;url&quot;:&quot;&quot;,&quot;id&quot;:&quot;&quot;,&quot;size&quot;:&quot;&quot;},&quot;_id&quot;:&quot;5c7017a&quot;,&quot;jet_parallax_layout_image_tablet&quot;:{&quot;url&quot;:&quot;&quot;,&quot;id&quot;:&quot;&quot;,&quot;size&quot;:&quot;&quot;},&quot;jet_parallax_layout_image_mobile&quot;:{&quot;url&quot;:&quot;&quot;,&quot;id&quot;:&quot;&quot;,&quot;size&quot;:&quot;&quot;},&quot;jet_parallax_layout_speed&quot;:{&quot;unit&quot;:&quot;%&quot;,&quot;size&quot;:50,&quot;sizes&quot;:[]},&quot;jet_parallax_layout_type&quot;:&quot;scroll&quot;,&quot;jet_parallax_layout_direction&quot;:null,&quot;jet_parallax_layout_fx_direction&quot;:null,&quot;jet_parallax_layout_z_index&quot;:&quot;&quot;,&quot;jet_parallax_layout_bg_x&quot;:50,&quot;jet_parallax_layout_bg_x_tablet&quot;:&quot;&quot;,&quot;jet_parallax_layout_bg_x_mobile&quot;:&quot;&quot;,&quot;jet_parallax_layout_bg_y&quot;:50,&quot;jet_parallax_layout_bg_y_tablet&quot;:&quot;&quot;,&quot;jet_parallax_layout_bg_y_mobile&quot;:&quot;&quot;,&quot;jet_parallax_layout_bg_size&quot;:&quot;auto&quot;,&quot;jet_parallax_layout_bg_size_tablet&quot;:&quot;&quot;,&quot;jet_parallax_layout_bg_size_mobile&quot;:&quot;&quot;,&quot;jet_parallax_layout_animation_prop&quot;:&quot;transform&quot;,&quot;jet_parallax_layout_on&quot;:[&quot;desktop&quot;,&quot;tablet&quot;]}],&quot;_ob_bbad_use_it&quot;:&quot;yes&quot;,&quot;_ob_bbad_sssic_use&quot;:&quot;no&quot;,&quot;_ob_glider_is_slider&quot;:&quot;no&quot;}\">\n\t\t\t\t\t\t<div class=\"elementor-container elementor-column-gap-default\">\n\t\t\t\t\t<div class=\"elementor-column elementor-col-100 elementor-top-column elementor-element elementor-element-1a2a4d3\" data-id=\"1a2a4d3\" data-element_type=\"column\" data-e-type=\"column\" data-settings=\"{&quot;_ob_bbad_is_stalker&quot;:&quot;no&quot;,&quot;_ob_teleporter_use&quot;:false,&quot;_ob_column_hoveranimator&quot;:&quot;no&quot;,&quot;_ob_column_has_pseudo&quot;:&quot;no&quot;}\">\n\t\t\t<div class=\"elementor-widget-wrap elementor-element-populated\">\n\t\t\t\t\t\t<div class=\"elementor-element elementor-element-e766f5f elementor-invisible ob-has-background-overlay elementor-widget elementor-widget-jet-headline\" data-id=\"e766f5f\" data-element_type=\"widget\" data-e-type=\"widget\" data-settings=\"{&quot;_animation&quot;:&quot;fadeInDown&quot;,&quot;_animation_mobile&quot;:&quot;none&quot;,&quot;_ob_perspektive_use&quot;:&quot;no&quot;,&quot;_ob_poopart_use&quot;:&quot;yes&quot;,&quot;_ob_shadough_use&quot;:&quot;no&quot;,&quot;_ob_allow_hoveranimator&quot;:&quot;no&quot;,&quot;_ob_widget_stalker_use&quot;:&quot;no&quot;}\" data-widget_type=\"jet-headline.default\">\n\t\t\t\t<div class=\"elementor-widget-container\">\n\t\t\t\t\t<h1 class=\"jet-headline jet-headline--direction-horizontal\"><span class=\"jet-headline__part jet-headline__first\"><span class=\"jet-headline__label\">Politique<\/span><\/span><span class=\"jet-headline__space\">&nbsp;<\/span><span class=\"jet-headline__part jet-headline__second\"><span class=\"jet-headline__label\">Politique en mati\u00e8re de cookies<\/span><\/span><\/h1>\t\t\t\t<\/div>\n\t\t\t\t<\/div>\n\t\t\t\t<div class=\"elementor-element elementor-element-0a66d5e ob-harakiri-inherit elementor-invisible ob-has-background-overlay elementor-widget elementor-widget-text-editor\" data-id=\"0a66d5e\" data-element_type=\"widget\" data-e-type=\"widget\" data-settings=\"{&quot;_animation&quot;:&quot;fadeIn&quot;,&quot;_ob_use_harakiri&quot;:&quot;yes&quot;,&quot;_ob_harakiri_writing_mode&quot;:&quot;inherit&quot;,&quot;_ob_postman_use&quot;:&quot;no&quot;,&quot;_ob_perspektive_use&quot;:&quot;no&quot;,&quot;_ob_poopart_use&quot;:&quot;yes&quot;,&quot;_ob_shadough_use&quot;:&quot;no&quot;,&quot;_ob_allow_hoveranimator&quot;:&quot;no&quot;,&quot;_ob_widget_stalker_use&quot;:&quot;no&quot;}\" data-widget_type=\"text-editor.default\">\n\t\t\t\t<div class=\"elementor-widget-container\">\n\t\t\t\t\t\t\t\t\t<h3><strong>Qu'est-ce qu'un biscuit ?<\/strong><\/h3><p>Ce site web utilise des cookies et\/ou des technologies similaires qui stockent et r\u00e9cup\u00e8rent des informations lorsque vous naviguez. En g\u00e9n\u00e9ral, ces technologies peuvent \u00eatre utilis\u00e9es \u00e0 diverses fins, par exemple pour vous reconna\u00eetre en tant qu'utilisateur, obtenir des informations sur vos habitudes de navigation ou personnaliser l'affichage du contenu. Les utilisations sp\u00e9cifiques que nous faisons de ces technologies sont d\u00e9crites ci-dessous.<\/p><h3><strong>Pourquoi ce site Internet utilise-t-il des cookies ?<\/strong><\/h3><p>Ce site web utilise des cookies pour un certain nombre de raisons, notamment :<\/p><ul><li><strong>Analyse :\u00a0<\/strong>sont celles qui, trait\u00e9es par nous ou par des tiers, nous permettent de quantifier le nombre d'utilisateurs et de proc\u00e9der ainsi \u00e0 la mesure et \u00e0 l'analyse statistique de l'utilisation faite par les utilisateurs du service offert. Pour ce faire, votre navigation sur notre site web est analys\u00e9e afin d'am\u00e9liorer la gamme de produits ou de services que nous proposons.<strong>\u00a0<\/strong><\/li><\/ul><ul><li><strong>La publicit\u00e9 :\u00a0<\/strong>sont celles qui, trait\u00e9es par nous ou par des tiers, nous permettent d'analyser vos habitudes de navigation sur Internet afin de vous pr\u00e9senter des publicit\u00e9s en rapport avec votre profil de navigation.<br \/><br \/><\/li><\/ul><p>L'identification des personnes qui utilisent des cookies, le type de cookies utilis\u00e9s et d'autres d\u00e9tails sont pr\u00e9sent\u00e9s ci-dessous :<br \/><br \/><\/p><table><tbody><tr><td colspan=\"3\" width=\"566\"><p><strong>Ses propres biscuits<\/strong><\/p><\/td><\/tr><tr><td width=\"179\"><p><strong>Cookies<\/strong><\/p><\/td><td width=\"274\"><p><strong>Objectif<\/strong><\/p><\/td><td width=\"113\"><p><strong>P\u00e9riode de conservation<\/strong><\/p><\/td><\/tr><tr><td width=\"179\"><p>politique_cookie_vu<\/p><p>case \u00e0 cocher n\u00e9cessaire<\/p><p>cookielawinfo-checkbox-non-n\u00e9cessaire<\/p><\/td><td width=\"274\"><p>Le cookie est d\u00e9fini par le module compl\u00e9mentaire de consentement aux cookies du GDPR et est utilis\u00e9 pour enregistrer si l'utilisateur a consenti ou non \u00e0 l'utilisation de cookies. Il ne stocke aucune donn\u00e9e personnelle.<\/p><\/td><td width=\"113\"><p>11 mois<\/p><\/td><\/tr><tr><td width=\"179\"><p>PHPSESSID<\/p><\/td><td width=\"274\"><p>Ce cookie est utilis\u00e9 par le langage de cryptage PHP pour permettre aux variables SESSION d'\u00eatre stock\u00e9es sur le serveur web. Ce cookie est essentiel au fonctionnement du site web.<\/p><\/td><td width=\"113\"><p>11 mois<\/p><\/td><\/tr><\/tbody><\/table><table><tbody><tr><td colspan=\"4\" width=\"566\"><p><strong>Cookies de tiers<\/strong><\/p><\/td><\/tr><tr><td width=\"98\"><p><strong>Cookies<\/strong><\/p><\/td><td width=\"117\"><p><strong>Entit\u00e9 utilisant des cookies<\/strong><\/p><\/td><td width=\"230\"><p><strong>Objectif<\/strong><\/p><\/td><td width=\"121\"><p><strong>Plus d'informations<\/strong><\/p><\/td><\/tr><tr><td width=\"98\"><p>_ga<\/p><p>_gid<\/p><p>_gat<\/p><p>_utma<\/p><p>_utmb<\/p><p>_utmc<\/p><p>_utmt<\/p><p>_utmz<\/p><\/td><td width=\"117\"><p>Google Analytics<\/p><\/td><td width=\"230\"><p>Ces cookies sont mis en place par Google Analytic pour suivre l'utilisation du site web. Ces cookies ne sont pas activ\u00e9s si vous d\u00e9sactivez les cookies pour ce site web.<\/p><\/td><td width=\"121\"><p>Google Analytics<\/p><p>Centre de confidentialit\u00e9 de Google<\/p><\/td><\/tr><tr><td width=\"98\"><p>IDE<\/p><\/td><td width=\"117\"><p>Google (doubleclick)<\/p><\/td><td width=\"230\"><p>R\u00e9sultats et efficacit\u00e9 des campagnes. Ils sont utilis\u00e9s pour am\u00e9liorer la publicit\u00e9. Ils sont g\u00e9n\u00e9ralement utilis\u00e9s pour cibler la publicit\u00e9 sur un contenu pertinent pour l'utilisateur, am\u00e9liorer les rapports sur les performances des campagnes et \u00e9viter de montrer des publicit\u00e9s que l'utilisateur a d\u00e9j\u00e0 vues. Les cookies DoubleClick ne contiennent pas d'informations personnelles identifiables.<\/p><\/td><td width=\"121\"><p>Centre de confidentialit\u00e9 de Google<\/p><\/td><\/tr><tr><td width=\"98\"><p>CSY<\/p><p>PREF<\/p><p>GPS VISITOR_INFO1_LIVE<\/p><\/td><td width=\"117\"><p>YouTube<\/p><\/td><td width=\"230\"><p>Cookies Youtube utilis\u00e9s pour la reproduction de vid\u00e9os sur le web.<\/p><p>GPS tiers, persistant, analytique. Enregistre un identifiant unique sur les appareils mobiles pour permettre un suivi bas\u00e9 sur la g\u00e9olocalisation GPS.<\/p><p>PREF : tiers, persistant, analytique. Stocke les pr\u00e9f\u00e9rences de configuration, telles que la langue pr\u00e9f\u00e9r\u00e9e, le nombre de r\u00e9sultats de recherche affich\u00e9s par page ou l'activation du filtre SafeSearch de Google.<\/p><p>VISITOR_INFO1_LIVE : tiers, persistant, analytique. Il suit les vid\u00e9os visit\u00e9es qui sont int\u00e9gr\u00e9es sur le site web.<\/p><p>YSC : tiers, session, analyse. Mesure les vid\u00e9os visionn\u00e9es par l'utilisateur et enregistre les \u00e9v\u00e9nements \"J'aime\" ou \"Partager la vid\u00e9o\".<\/p><\/td><td width=\"121\"><p>Centre de confidentialit\u00e9 de Google<\/p><\/td><\/tr><\/tbody><\/table><p>Remarque : les cookies \"propres\" sont utilis\u00e9s uniquement par le propri\u00e9taire de ce site web et les cookies \"tiers\" sont \u00e9galement utilis\u00e9s par le prestataire de services mentionn\u00e9 dans le tableau ci-dessus.<\/p><p>Vous pouvez prendre connaissance des transferts vers des pays tiers qui, le cas \u00e9ch\u00e9ant, sont effectu\u00e9s par les tiers identifi\u00e9s dans la pr\u00e9sente politique en mati\u00e8re de cookies dans leurs politiques correspondantes (voir les liens fournis dans la section \"Plus d'informations\" du tableau ci-dessus).<br \/><br \/><\/p><h3><strong>Comment puis-je d\u00e9sactiver ou supprimer ces cookies ?<\/strong><\/h3><p>Vous pouvez autoriser ou bloquer les cookies, ainsi que supprimer vos donn\u00e9es de navigation (y compris les cookies) du navigateur que vous utilisez. Pour ce faire, veuillez vous r\u00e9f\u00e9rer aux options et instructions fournies par votre navigateur. Veuillez noter que si vous acceptez les cookies de tiers, vous devrez les supprimer des options de votre navigateur.<\/p><p>Vous trouverez ci-dessous des liens vers des informations sur la mani\u00e8re de g\u00e9rer les cookies dans les navigateurs les plus couramment utilis\u00e9s :<\/p><ul><li><strong>Firefox<\/strong>:\u00a0<a href=\"http:\/\/support.mozilla.org\/es\/kb\/habilitar-y-deshabilitar-cookies-que-los-sitios-we\" target=\"_blank\" rel=\"noopener\">http:\/\/support.mozilla.org\/es\/kb\/habilitar-y-deshabilitar-cookies-que-los-sitios-we<\/a><\/li><\/ul><ul><li><strong>Chrome<\/strong>:\u00a0<a href=\"http:\/\/support.google.com\/chrome\/bin\/answer.py?hl=es&amp;answer=95647\" target=\"_blank\" rel=\"noopener\">http:\/\/support.google.com\/chrome\/bin\/answer.py?hl=es&amp;answer=95647<\/a><\/li><\/ul><ul><li><strong>Internet Explorer<\/strong>:\u00a0<a href=\"https:\/\/support.microsoft.com\/es-es\/help\/278835\/how-to-delete-cookie-files-in-internet-explorer\" target=\"_blank\" rel=\"noopener\">https:\/\/support.microsoft.com\/es-es\/help\/278835\/how-to-delete-cookie-files-in-internet-explorer<\/a><\/li><\/ul><ul><li><strong>Microsoft Edge :\u00a0<\/strong><a href=\"https:\/\/support.microsoft.com\/es-es\/help\/4468242\/microsoft-edge-browsing-data-and-privacy-microsoft-privacy\" target=\"_blank\" rel=\"noopener\">https:\/\/support.microsoft.com\/es-es\/help\/4468242\/microsoft-edge-browsing-data-and-privacy-microsoft-privacy<\/a><\/li><\/ul><ul><li><strong>Safari<\/strong>:\u00a0<a href=\"http:\/\/support.apple.com\/kb\/ph5042\" target=\"_blank\" rel=\"noopener\">http:\/\/support.apple.com\/kb\/ph5042<\/a><\/li><\/ul><ul><li><strong>Op\u00e9ra<\/strong>:\u00a0<a href=\"http:\/\/help.opera.com\/Windows\/11.50\/es-ES\/cookies.html\" target=\"_blank\" rel=\"noopener\">http:\/\/help.opera.com\/Windows\/11.50\/es-ES\/cookies.html<\/a><\/li><\/ul><ul><li><strong>Autres navigateurs :\u00a0<\/strong>consultez la documentation du navigateur que vous avez install\u00e9.<br \/><br \/><\/li><\/ul><h3><strong>Module compl\u00e9mentaire de navigateur pour la d\u00e9sactivation de Google Analytics<\/strong><\/h3><p>Si vous souhaitez refuser les cookies d'analyse de Google Analytics dans tous les navigateurs, afin qu'aucune information vous concernant ne soit envoy\u00e9e \u00e0 Google Analytics, vous pouvez t\u00e9l\u00e9charger un module compl\u00e9mentaire qui remplit cette fonction \u00e0 partir de ce lien :<\/p><p><a href=\"https:\/\/tools.google.com\/dlpage\/gaoptout\" target=\"_blank\" rel=\"noopener\">https:\/\/tools.google.com\/dlpage\/gaoptout<\/a>.<br \/><br \/><\/p><h3><strong>Exercice des droits<\/strong><\/h3><p>Vous pouvez vous renseigner sur vos droits en mati\u00e8re de protection des donn\u00e9es et les exercer en acc\u00e9dant \u00e0 notre site web.\u00a0<a href=\"https:\/\/cafesbatalla.com\/fr\/politique-de-confidentialite\/\"><u>Politique<\/u><u>a<\/u><u> Politique de confidentialit\u00e9<\/u><\/a>.<\/p>\t\t\t\t\t\t\t\t<\/div>\n\t\t\t\t<\/div>\n\t\t\t\t\t<\/div>\n\t\t<\/div>\n\t\t\t\t\t<\/div>\n\t\t<\/section>\n\t\t\t\t<\/div>","protected":false},"excerpt":{"rendered":"<p>Pol\u00edtica&nbsp;de cookies \u00bfQu\u00e9 son las cookies? Este sitio web utiliza cookies y\/o tecnolog\u00edas similares que almacenan y recuperan informaci\u00f3n cuando navegas. En general, estas tecnolog\u00edas pueden servir para finalidades muy diversas, como, por ejemplo, reconocerte como usuario, obtener informaci\u00f3n sobre tus h\u00e1bitos de navegaci\u00f3n, o personalizar la forma en que se muestra el contenido. Los [&hellip;]<\/p>","protected":false},"author":1,"featured_media":0,"parent":0,"menu_order":0,"comment_status":"closed","ping_status":"closed","template":"","meta":{"footnotes":""},"class_list":["post-123","page","type-page","status-publish","hentry"],"_links":{"self":[{"href":"https:\/\/cafesbatalla.com\/fr\/wp-json\/wp\/v2\/pages\/123","targetHints":{"allow":["GET"]}}],"collection":[{"href":"https:\/\/cafesbatalla.com\/fr\/wp-json\/wp\/v2\/pages"}],"about":[{"href":"https:\/\/cafesbatalla.com\/fr\/wp-json\/wp\/v2\/types\/page"}],"author":[{"embeddable":true,"href":"https:\/\/cafesbatalla.com\/fr\/wp-json\/wp\/v2\/users\/1"}],"replies":[{"embeddable":true,"href":"https:\/\/cafesbatalla.com\/fr\/wp-json\/wp\/v2\/comments?post=123"}],"version-history":[{"count":0,"href":"https:\/\/cafesbatalla.com\/fr\/wp-json\/wp\/v2\/pages\/123\/revisions"}],"wp:attachment":[{"href":"https:\/\/cafesbatalla.com\/fr\/wp-json\/wp\/v2\/media?parent=123"}],"curies":[{"name":"wp","href":"https:\/\/api.w.org\/{rel}","templated":true}]}}