{"id":127,"date":"2021-06-15T16:45:16","date_gmt":"2021-06-15T16:45:16","guid":{"rendered":"http:\/\/cafesbatalla.com\/?page_id=127"},"modified":"2021-08-19T05:23:09","modified_gmt":"2021-08-19T05:23:09","slug":"legal-notice","status":"publish","type":"page","link":"https:\/\/cafesbatalla.com\/en\/legal-notice\/","title":{"rendered":"Legal notice"},"content":{"rendered":"<div data-elementor-type=\"wp-page\" data-elementor-id=\"127\" class=\"elementor elementor-127\" data-elementor-post-type=\"page\">\n\t\t\t\t\t\t<section class=\"ob-is-breaking-bad elementor-section elementor-top-section elementor-element elementor-element-54be0a6 elementor-section-boxed elementor-section-height-default elementor-section-height-default\" data-id=\"54be0a6\" data-element_type=\"section\" data-e-type=\"section\" data-settings=\"{&quot;jet_parallax_layout_list&quot;:[{&quot;jet_parallax_layout_image&quot;:{&quot;url&quot;:&quot;&quot;,&quot;id&quot;:&quot;&quot;,&quot;size&quot;:&quot;&quot;},&quot;_id&quot;:&quot;5c7017a&quot;,&quot;jet_parallax_layout_image_tablet&quot;:{&quot;url&quot;:&quot;&quot;,&quot;id&quot;:&quot;&quot;,&quot;size&quot;:&quot;&quot;},&quot;jet_parallax_layout_image_mobile&quot;:{&quot;url&quot;:&quot;&quot;,&quot;id&quot;:&quot;&quot;,&quot;size&quot;:&quot;&quot;},&quot;jet_parallax_layout_speed&quot;:{&quot;unit&quot;:&quot;%&quot;,&quot;size&quot;:50,&quot;sizes&quot;:[]},&quot;jet_parallax_layout_type&quot;:&quot;scroll&quot;,&quot;jet_parallax_layout_direction&quot;:null,&quot;jet_parallax_layout_fx_direction&quot;:null,&quot;jet_parallax_layout_z_index&quot;:&quot;&quot;,&quot;jet_parallax_layout_bg_x&quot;:50,&quot;jet_parallax_layout_bg_x_tablet&quot;:&quot;&quot;,&quot;jet_parallax_layout_bg_x_mobile&quot;:&quot;&quot;,&quot;jet_parallax_layout_bg_y&quot;:50,&quot;jet_parallax_layout_bg_y_tablet&quot;:&quot;&quot;,&quot;jet_parallax_layout_bg_y_mobile&quot;:&quot;&quot;,&quot;jet_parallax_layout_bg_size&quot;:&quot;auto&quot;,&quot;jet_parallax_layout_bg_size_tablet&quot;:&quot;&quot;,&quot;jet_parallax_layout_bg_size_mobile&quot;:&quot;&quot;,&quot;jet_parallax_layout_animation_prop&quot;:&quot;transform&quot;,&quot;jet_parallax_layout_on&quot;:[&quot;desktop&quot;,&quot;tablet&quot;]}],&quot;_ob_bbad_use_it&quot;:&quot;yes&quot;,&quot;_ob_bbad_sssic_use&quot;:&quot;no&quot;,&quot;_ob_glider_is_slider&quot;:&quot;no&quot;}\">\n\t\t\t\t\t\t<div class=\"elementor-container elementor-column-gap-default\">\n\t\t\t\t\t<div class=\"elementor-column elementor-col-100 elementor-top-column elementor-element elementor-element-42621c9\" data-id=\"42621c9\" data-element_type=\"column\" data-e-type=\"column\" data-settings=\"{&quot;_ob_bbad_is_stalker&quot;:&quot;no&quot;,&quot;_ob_teleporter_use&quot;:false,&quot;_ob_column_hoveranimator&quot;:&quot;no&quot;,&quot;_ob_column_has_pseudo&quot;:&quot;no&quot;}\">\n\t\t\t<div class=\"elementor-widget-wrap elementor-element-populated\">\n\t\t\t\t\t\t<div class=\"elementor-element elementor-element-d7a4a18 elementor-invisible ob-has-background-overlay elementor-widget elementor-widget-jet-headline\" data-id=\"d7a4a18\" data-element_type=\"widget\" data-e-type=\"widget\" data-settings=\"{&quot;_animation&quot;:&quot;fadeInDown&quot;,&quot;_animation_mobile&quot;:&quot;none&quot;,&quot;_ob_perspektive_use&quot;:&quot;no&quot;,&quot;_ob_poopart_use&quot;:&quot;yes&quot;,&quot;_ob_shadough_use&quot;:&quot;no&quot;,&quot;_ob_allow_hoveranimator&quot;:&quot;no&quot;,&quot;_ob_widget_stalker_use&quot;:&quot;no&quot;}\" data-widget_type=\"jet-headline.default\">\n\t\t\t\t<div class=\"elementor-widget-container\">\n\t\t\t\t\t<h1 class=\"jet-headline jet-headline--direction-horizontal\"><span class=\"jet-headline__part jet-headline__first\"><span class=\"jet-headline__label\">Notice<\/span><\/span><span class=\"jet-headline__space\">&nbsp;<\/span><span class=\"jet-headline__part jet-headline__second\"><span class=\"jet-headline__label\">Legal<\/span><\/span><\/h1>\t\t\t\t<\/div>\n\t\t\t\t<\/div>\n\t\t\t\t<div class=\"elementor-element elementor-element-010c3b2 ob-harakiri-inherit elementor-invisible ob-has-background-overlay elementor-widget elementor-widget-text-editor\" data-id=\"010c3b2\" data-element_type=\"widget\" data-e-type=\"widget\" data-settings=\"{&quot;_animation&quot;:&quot;fadeIn&quot;,&quot;_ob_use_harakiri&quot;:&quot;yes&quot;,&quot;_ob_harakiri_writing_mode&quot;:&quot;inherit&quot;,&quot;_ob_postman_use&quot;:&quot;no&quot;,&quot;_ob_perspektive_use&quot;:&quot;no&quot;,&quot;_ob_poopart_use&quot;:&quot;yes&quot;,&quot;_ob_shadough_use&quot;:&quot;no&quot;,&quot;_ob_allow_hoveranimator&quot;:&quot;no&quot;,&quot;_ob_widget_stalker_use&quot;:&quot;no&quot;}\" data-widget_type=\"text-editor.default\">\n\t\t\t\t<div class=\"elementor-widget-container\">\n\t\t\t\t\t\t\t\t\t<div>By means of this notice, CAFES BATALLA 2000 S.L., with NIF B31543259 and address at Pol\u00edgono Industrial Cam\u00ed dels Frares Calle C (3a fase) Parcela 69, N-1, CP 25191 de Lleida (hereinafter, the Service Provider) informs users in compliance with Article 13 of EU Regulation 2016\/679 of the European Parliament and of the Council, of 27 April 2016, on the protection of personal data (hereinafter, the Regulation), so that they can decide expressly, freely and voluntarily whether they wish to provide the personal data requested on the website for the provision of its services.<\/div><div>\u00a0<\/div><div>It is also informed that the purpose of the processing of the data provided by users is exclusively to process their request or query made through this website and, where appropriate, if users expressly consent by ticking the corresponding box at the bottom of the data collection form, to send them information on the activities of the Service Provider that may be of interest to them, it being understood that by sending their data they expressly authorise the Service Provider to process their data for the aforementioned purposes. The consent given, which constitutes the legal basis that legitimises the processing of the data, may be revoked at any time without affecting the lawfulness of the processing based on the consent prior to its withdrawal.<\/div><div>\u00a0<\/div><div>Unless specifically stated otherwise, it shall be deemed necessary to complete all the data required in the data form. In the event of not providing all the data deemed necessary, the Service Provider may, depending on the case, not process the specific request made. The data provided will be retained until such time as users decide to revoke their consent to the processing.<\/div><div>\u00a0<\/div><div>Users must fill in the forms with true, exact, complete and up-to-date data, and shall be liable for any damages that may arise as a result of the defective completion of the forms with false, inaccurate, incomplete or out-of-date data.<\/div><div>\u00a0<\/div><div>The Service Provider has adopted the personal data protection security levels required by current data protection legislation, installing the necessary technical and organisational measures to prevent the loss, misuse, alteration, unauthorised access and other possible risks.<\/div><div>Likewise, the Service Provider undertakes to comply with its obligation of secrecy of personal data and its duty to store them and shall adopt all necessary measures to prevent their alteration, loss, processing or unauthorised access, taking into account the state of technology at all times.\u00a0<\/div><div>Users or persons representing them may at any time exercise their right of access, rectification, suppression and, where appropriate, opposition in accordance with the provisions of the Regulations, by sending a written communication to CAFES BATALLA 2000 S.L., at the following postal address: Pol\u00edgono Industrial Cam\u00ed dels Frares Calle C (3a fase) Parcela 69, N-1, CP 25191 de Lleida, and\/or by e-mail:\u00a0<a class=\"mailto\" href=\"mailto:info@cafesbatalla.com\">info@cafesbatalla.com<\/a>\u00a0in which the user's identity is proven.\u00a0<\/div><div>\u00a0<\/div><div>In the event that the Service Provider provides a special type of service in which it determines specific provisions different from these, with regard to data protection, the application of the particular rules indicated for that particular service shall take precedence over these rules in the event of inconsistency.<\/div><div>The Service Provider reserves the right to modify this policy, informing users in advance of any changes to it.<\/div><div>Users have the right to lodge a complaint with the Spanish Data Protection Agency if they believe that their data protection rights have been infringed.<\/div>\t\t\t\t\t\t\t\t<\/div>\n\t\t\t\t<\/div>\n\t\t\t\t\t<\/div>\n\t\t<\/div>\n\t\t\t\t\t<\/div>\n\t\t<\/section>\n\t\t\t\t<\/div>","protected":false},"excerpt":{"rendered":"<p>Aviso&nbsp;Legal A trav\u00e9s del presente aviso, CAFES BATALLA 2000 S.L., con NIF B31543259 y domicilio en el Pol\u00edgono Industrial Cam\u00ed dels Frares Calle C (3a fase) Parcela 69, N-1, CP 25191 de Lleida (en adelante, el Prestador del Servicio) informa a los usuarios en cumplimiento del art\u00edculo 13 de Reglamento UE 2016\/679 del Parlamento Europeo [&hellip;]<\/p>","protected":false},"author":1,"featured_media":0,"parent":0,"menu_order":0,"comment_status":"closed","ping_status":"closed","template":"","meta":{"footnotes":""},"class_list":["post-127","page","type-page","status-publish","hentry"],"_links":{"self":[{"href":"https:\/\/cafesbatalla.com\/en\/wp-json\/wp\/v2\/pages\/127","targetHints":{"allow":["GET"]}}],"collection":[{"href":"https:\/\/cafesbatalla.com\/en\/wp-json\/wp\/v2\/pages"}],"about":[{"href":"https:\/\/cafesbatalla.com\/en\/wp-json\/wp\/v2\/types\/page"}],"author":[{"embeddable":true,"href":"https:\/\/cafesbatalla.com\/en\/wp-json\/wp\/v2\/users\/1"}],"replies":[{"embeddable":true,"href":"https:\/\/cafesbatalla.com\/en\/wp-json\/wp\/v2\/comments?post=127"}],"version-history":[{"count":0,"href":"https:\/\/cafesbatalla.com\/en\/wp-json\/wp\/v2\/pages\/127\/revisions"}],"wp:attachment":[{"href":"https:\/\/cafesbatalla.com\/en\/wp-json\/wp\/v2\/media?parent=127"}],"curies":[{"name":"wp","href":"https:\/\/api.w.org\/{rel}","templated":true}]}}