{"id":9502,"date":"2025-12-10T09:57:29","date_gmt":"2025-12-10T08:57:29","guid":{"rendered":"https:\/\/cafesbatalla.com\/?page_id=9502"},"modified":"2025-12-10T10:23:06","modified_gmt":"2025-12-10T09:23:06","slug":"sorteig-desembre-2025","status":"publish","type":"page","link":"https:\/\/cafesbatalla.com\/ca\/sorteig-desembre-2025\/","title":{"rendered":"SORTEIG DESEMBRE 2025"},"content":{"rendered":"<div data-elementor-type=\"wp-page\" data-elementor-id=\"9502\" class=\"elementor elementor-9502\" data-elementor-post-type=\"page\">\n\t\t\t\t\t\t<section class=\"ob-is-breaking-bad elementor-section elementor-top-section elementor-element elementor-element-426fc8b elementor-section-boxed elementor-section-height-default elementor-section-height-default\" data-id=\"426fc8b\" data-element_type=\"section\" data-e-type=\"section\" data-settings=\"{&quot;jet_parallax_layout_list&quot;:[{&quot;jet_parallax_layout_image&quot;:{&quot;url&quot;:&quot;&quot;,&quot;id&quot;:&quot;&quot;,&quot;size&quot;:&quot;&quot;},&quot;_id&quot;:&quot;5c7017a&quot;,&quot;jet_parallax_layout_image_tablet&quot;:{&quot;url&quot;:&quot;&quot;,&quot;id&quot;:&quot;&quot;,&quot;size&quot;:&quot;&quot;},&quot;jet_parallax_layout_image_mobile&quot;:{&quot;url&quot;:&quot;&quot;,&quot;id&quot;:&quot;&quot;,&quot;size&quot;:&quot;&quot;},&quot;jet_parallax_layout_speed&quot;:{&quot;unit&quot;:&quot;%&quot;,&quot;size&quot;:50,&quot;sizes&quot;:[]},&quot;jet_parallax_layout_type&quot;:&quot;scroll&quot;,&quot;jet_parallax_layout_direction&quot;:null,&quot;jet_parallax_layout_fx_direction&quot;:null,&quot;jet_parallax_layout_z_index&quot;:&quot;&quot;,&quot;jet_parallax_layout_bg_x&quot;:50,&quot;jet_parallax_layout_bg_x_tablet&quot;:&quot;&quot;,&quot;jet_parallax_layout_bg_x_mobile&quot;:&quot;&quot;,&quot;jet_parallax_layout_bg_y&quot;:50,&quot;jet_parallax_layout_bg_y_tablet&quot;:&quot;&quot;,&quot;jet_parallax_layout_bg_y_mobile&quot;:&quot;&quot;,&quot;jet_parallax_layout_bg_size&quot;:&quot;auto&quot;,&quot;jet_parallax_layout_bg_size_tablet&quot;:&quot;&quot;,&quot;jet_parallax_layout_bg_size_mobile&quot;:&quot;&quot;,&quot;jet_parallax_layout_animation_prop&quot;:&quot;transform&quot;,&quot;jet_parallax_layout_on&quot;:[&quot;desktop&quot;,&quot;tablet&quot;]}],&quot;_ob_bbad_use_it&quot;:&quot;yes&quot;,&quot;_ob_bbad_sssic_use&quot;:&quot;no&quot;,&quot;_ob_glider_is_slider&quot;:&quot;no&quot;}\">\n\t\t\t\t\t\t<div class=\"elementor-container elementor-column-gap-default\">\n\t\t\t\t\t<div class=\"elementor-column elementor-col-100 elementor-top-column elementor-element elementor-element-e359f37\" data-id=\"e359f37\" data-element_type=\"column\" data-e-type=\"column\" data-settings=\"{&quot;_ob_bbad_is_stalker&quot;:&quot;no&quot;,&quot;_ob_teleporter_use&quot;:false,&quot;_ob_column_hoveranimator&quot;:&quot;no&quot;,&quot;_ob_column_has_pseudo&quot;:&quot;no&quot;}\">\n\t\t\t<div class=\"elementor-widget-wrap elementor-element-populated\">\n\t\t\t\t\t\t<div class=\"elementor-element elementor-element-74e939f elementor-invisible ob-has-background-overlay elementor-widget elementor-widget-jet-headline\" data-id=\"74e939f\" data-element_type=\"widget\" data-e-type=\"widget\" data-settings=\"{&quot;_animation&quot;:&quot;fadeInDown&quot;,&quot;_animation_mobile&quot;:&quot;none&quot;,&quot;_ob_perspektive_use&quot;:&quot;no&quot;,&quot;_ob_poopart_use&quot;:&quot;yes&quot;,&quot;_ob_shadough_use&quot;:&quot;no&quot;,&quot;_ob_allow_hoveranimator&quot;:&quot;no&quot;,&quot;_ob_widget_stalker_use&quot;:&quot;no&quot;}\" data-widget_type=\"jet-headline.default\">\n\t\t\t\t<div class=\"elementor-widget-container\">\n\t\t\t\t\t<h1 class=\"jet-headline jet-headline--direction-horizontal\"><span class=\"jet-headline__part jet-headline__first\"><span class=\"jet-headline__label\">SORTEIG<\/span><\/span><span class=\"jet-headline__space\">&nbsp;<\/span><span class=\"jet-headline__part jet-headline__second\"><span class=\"jet-headline__label\"> DESEMBRE 2025<\/span><\/span><\/h1>\t\t\t\t<\/div>\n\t\t\t\t<\/div>\n\t\t\t\t<div class=\"elementor-element elementor-element-d6d67fb ob-harakiri-inherit elementor-invisible ob-has-background-overlay elementor-widget elementor-widget-text-editor\" data-id=\"d6d67fb\" data-element_type=\"widget\" data-e-type=\"widget\" data-settings=\"{&quot;_animation&quot;:&quot;fadeIn&quot;,&quot;_ob_use_harakiri&quot;:&quot;yes&quot;,&quot;_ob_harakiri_writing_mode&quot;:&quot;inherit&quot;,&quot;_ob_postman_use&quot;:&quot;no&quot;,&quot;_ob_perspektive_use&quot;:&quot;no&quot;,&quot;_ob_poopart_use&quot;:&quot;yes&quot;,&quot;_ob_shadough_use&quot;:&quot;no&quot;,&quot;_ob_allow_hoveranimator&quot;:&quot;no&quot;,&quot;_ob_widget_stalker_use&quot;:&quot;no&quot;}\" data-widget_type=\"text-editor.default\">\n\t\t\t\t<div class=\"elementor-widget-container\">\n\t\t\t\t\t\t\t\t\t<h2 style=\"text-align: center;\"><strong>SORTEIG UNA CAFETERA D&#039;\u00c8MBOL I DOS PAQUETS <\/strong><br \/><strong>DE COSTA RICA CAF\u00c8 DONA solidari amb MAMAPOP<\/strong><\/h2><h3>\u00a0<\/h3><h3><strong>1. Societat organitzadora<\/strong><\/h3><p><strong>CAF\u00c8S BATALLA 2000 SL.<\/strong>, entitat espanyola, prove\u00efda del NIF. <strong>B 31543259<\/strong>, amb domicili al carrer C, Parcel\u00b7la 69, N-1. Pol\u00edgon Industrial Cam\u00ed dels Frares de Lleida, CP 25191 a efectes de notificacions, citacions i empla\u00e7aments en adre\u00e7a postal, d&#039;ara endavant <strong>\u201cBATALLA CAF\u00c8S\u201d<\/strong>, organitza un concurs anomenat <strong>\u201cSORTEIG UNA CAFETERA D&#039;\u00c8MBOL I DOS PAQUETS DE COSTA RICA CAF\u00c8 DONA solidari amb MAMAPOP\u201d <\/strong>(d&#039;ara endavant el <strong>\u201cConcurs\u201d<\/strong>) amb la finalitat d&#039;efectuar una acci\u00f3 comercial relacionada amb la festivitat, subjecte a les presents bases legals (d&#039;ara endavant, les <strong>\u201cBases\u201d<\/strong>).<\/p><p>\u00a0<\/p><h3><strong>2. Objecte, mec\u00e0nica i requisits del concurs<\/strong><\/h3><p><strong>REQUISITS <\/strong>per participar al Concurs, <strong>DURADA <\/strong>i <strong>\u00c0MBIT<\/strong>:<\/p><p>La participaci\u00f3 \u00e9s gratu\u00efta, volunt\u00e0ria i est\u00e0 limitada als que compleixin tots els requisits que a continuaci\u00f3 es relacionen:<\/p><ul><li>El Concurs comen\u00e7a el dia <strong>10 de DESEMBRE del 2025 <\/strong>i finalitza el <strong>21 de DESEMBRE del 2025 <\/strong>a les 24:00 h.<\/li><li>Donar \u201c<em>like<\/em>\u201d, seguir i comentar etiquetant com a m\u00ednim dues persones al <em>post <\/em>de <strong>@batalla_cafes <\/strong>oficial d&#039;Instagram del concurs que es publicar\u00e0 el dia <strong>10 de desembre del 2025<\/strong>.<\/li><li>Ser persona f\u00edsica.<\/li><li>Major de 18 anys.<\/li><li>Nom\u00e9s \u00e9s v\u00e0lid per al <strong>territori d&#039;Espanya<\/strong>.<\/li><li>El perfil d&#039;Instagram del participant ha de ser real: no ha de contenir una identitat Si se sospita que el perfil d&#039;un usuari participant no \u00e9s real, aquest podr\u00e0 ser desqualificat del concurs immediatament, a criteri absolut de <strong>BATALLA CAF\u00c8S<\/strong>.<\/li><li>Si es detecten comptes duplicats (o es detecten trampes, enganys, etc.), s&#039;eliminaran autom\u00e0ticament totes les participacions d&#039;aquests perfils.<\/li><li>No utilitzar aquesta promoci\u00f3 per: difondre idees pol\u00edtiques o religioses; promoure inj\u00faries i\/o cal\u00famnies davant de tercers; utilitzar llenguatge violent, obsc\u00e8 o ofensiu; publicar contingut diferent per tal de la mec\u00e0nica de la promoci\u00f3.<\/li><\/ul><p>\u00a0<\/p><p><strong>REQUISITS <\/strong>per poder guanyar el Concurs:<\/p><ul><li>Haver complert totalment els requisits establerts a l&#039;apartat immediatament anterior. El mer incompliment d&#039;algun dels requisits previstos anteriorment, totalment o parcialment, implicar\u00e0 la desqualificaci\u00f3 autom\u00e0tica de la participaci\u00f3 en el<\/li><li>Una mateixa persona no pot guanyar dues vegades un Concurs de la p\u00e0gina d&#039;Instagram de <strong>BATALLA CAF\u00c8S<\/strong>, per tant, les participacions presentades no poden haver estat premiades en altres concursos, ni publicades anteriorment a cap suport ni personal ni professional, inclosos correus electr\u00f2nics.<\/li><\/ul><h3>\u00a0<\/h3><h3><strong>3. Mec\u00e0nica per designar el\/la guanyador\/a<\/strong><\/h3><p>Un cop finalitzada la durada del Concurs a les presents Bases, totes les participacions v\u00e0lides seran recollides per <strong>BATALLA CAF\u00c8S <\/strong>i seran incloses al sorteig del premi.<\/p><p>El guanyador resultar\u00e0 d&#039;un sorteig realitzat entre tots els participants que hagin comentat i etiquetat a la publicaci\u00f3, complint amb tots els requisits establerts a les presents Bases, a criteri de <strong>BATALLA CAF\u00c8S<\/strong>.<\/p><p>El sorteig es far\u00e0 utilitzant un programa inform\u00e0tic de selecci\u00f3 aleat\u00f2ria, per mitj\u00e0 de<\/p><p><strong>APPORTEIG<\/strong>, que triar\u00e0 <strong>1 guanyador\/ai 2 suplents <\/strong>de manera correlativa.<\/p><p>El premi ser\u00e0 concedit al participant que resulti elegit en el sorteig entre tots els participants i que sigui declarat guanyador, segons els requisits establerts a les presents Bases.<\/p><p>\u00a0<\/p><h3><strong>4. Comprovaci\u00f3 de Requisits i Declaraci\u00f3 de Guanyadors<\/strong><\/h3><p>Un cop triat el guanyador, <strong>BATALLA CAF\u00c8S <\/strong>comprovar\u00e0 que qui hagi resultat elegit en el mateix compleixi amb tots els requisits establerts a les presents Bases i que pot ser declarat guanyador.<\/p><p>Per aix\u00f2, <strong>BATALLA CAF\u00c8S <\/strong>es posar\u00e0 en contacte amb el presumpte guanyador mitjan\u00e7ant un missatge directe al perfil d&#039;Instagram del guanyador, comunicant-li que \u00e9s el guanyador. El participant haur\u00e0 de respondre a aquest missatge en un termini m\u00e0xim de <strong>48 hores <\/strong>des del moment en qu\u00e8 s&#039;hagi efectuat el comentari a la publicaci\u00f3 d&#039;Instagram amb la informaci\u00f3 seg\u00fcent: (i) conformitat i acceptaci\u00f3 expressa del premi o (ii) ren\u00fancia igualment expressa a aquest (no seran v\u00e0lides acceptacions condicionades o limitades), a trav\u00e9s d&#039;un missatge directe a <strong>BATALLA CAF\u00c8S<\/strong>.<\/p><p>Si el presumpte guanyador renuncia al premi, <strong>BATALLA CAF\u00c8S <\/strong>procedir\u00e0 a comunicar-se en iguals termes que els descrits anteriorment amb el primer suplent a l&#039;efecte de proposar-lo i si escau (si no renuncia al seu torn) seguir els passos per a la declaraci\u00f3 del guanyador que s&#039;han indicat.<\/p><p>Igualment, en el cas que algun dels elegits com a presumpte guanyador o suplent no respongui al missatge en el termini anteriorment indicat o <strong>BATALLA CAF\u00c8S <\/strong>considereu que no compleix els requisits per ser declarat guanyador, es posar\u00e0 en contacte amb el seg\u00fcent suplent a efectes de proposar-li i si escau (si no renuncia) seguir els passos per a la declaraci\u00f3 de guanyador que s&#039;han indicat.<\/p><p>Assolit el nombre m\u00e0xim de suplents, sent que diversos o tots han renunciat o que no compleixen els requisits establerts a les presents Bases, <strong>BATALLA CAF\u00c8S <\/strong>podr\u00e0<\/p><p>(i) atorgar el premi nom\u00e9s al guanyador v\u00e0lid resultant o (ii) declarar desert el Concurs.<\/p><p>En cas que <strong>BATALLA CAF\u00c8S <\/strong>estime oport\u00fa, el nom dels guanyadors podr\u00e0 ser publicat per <strong>BATALLA CAF\u00c8S <\/strong>a les seves diferents plataformes digitals com poden ser el seu bloc (<a href=\"https:\/\/cafesbatalla.com\/ca\/noticies\/\">https:\/\/cafesbatalla.com\/noticias\/<\/a>) o la seva p\u00e0gina de Facebook i\/o Instagram, d&#039;acord amb all\u00f2 establert a les presents Bases.<\/p><h3>\u00a0<\/h3><h3><strong>5. Premis<\/strong><\/h3><p>Entre tots els participants se sortejar\u00e0 una Cafetera \u00c9mbolo i dos paquets de Costa Rica Caf\u00e9 Mujer Solidari amb MAMAPOP.<\/p><ul><li>1 cafetera \u00c8mbol de la marca Yuca<\/li><li>2 paquets de Caf\u00e9 Mujer Costa Rica<\/li><\/ul><p>El premi en cap cas no podr\u00e0 ser objecte de canvi, alteraci\u00f3 o compensaci\u00f3 a petici\u00f3 del guanyador.<\/p><h3>\u00a0<\/h3><h3><strong>6. Dades personals i drets d&#039;imatge<\/strong><\/h3><p>El participant declara i manifesta p\u00fablica i solemnement ser l&#039;autor de la imatge, o el titular leg\u00edtim dels drets morals i de propietat intel\u00b7lectual de les imatges que inseriu en l&#039;aplicaci\u00f3 o present a Concurs, i haver obtingut la cessi\u00f3 d&#039;aquests drets o el consentiment inequ\u00edvoc de les persones la imatge de les quals difongui, incloent-hi a t\u00edtol enunciatiu, per\u00f2 no limita i comercial, exhibici\u00f3 i comunicaci\u00f3 p\u00fablica.<\/p><p>En aquesta condici\u00f3, el participant, pel sol fet de participar en aquest Concurs i inserir una imatge, autoritza, des d&#039;aquest prec\u00eds instant a <strong>BATALLA CAF\u00c8S <\/strong>a l&#039;\u00fas de la imatge i el nom i cognoms del participant a qualsevol mitj\u00e0 ia trav\u00e9s de qualsevol forma de comunicaci\u00f3 que <strong>BATALLA CAF\u00c8S <\/strong>consideri convenient. En particular, <strong>BATALLA CAF\u00c8S <\/strong>podr\u00e0 utilitzar les imatges premiades del Concurs i el nom del declarat guanyador per comunicar els guanyadors a la pr\u00f2pia aplicaci\u00f3 oa la zona publicit\u00e0ria de Facebook i\/o Instagram o per publicar les fotografies i testimonials als seus llocs web.<\/p><p>Aix\u00ed mateix, com a autor, propietari o leg\u00edtim cessionari dels drets de reproducci\u00f3 i exhibici\u00f3 de les fotografies presentades al Concurs (d&#039;ara endavant, les \u201cFotografies\u201d) el concursant cedeix a <strong>BATALLA CAF\u00c8S<\/strong>, en exclusiva, per a tothom i durant el m\u00e0xim temps perm\u00e8s per la Llei, la totalitat dels drets de propietat intel\u00b7lectual \u2013a exclusi\u00f3 dels drets morals- sobre les Fotografies el que inclou, a t\u00edtol enunciatiu i no limitatiu, els seg\u00fcents:<\/p><ul><li>El dret a <strong>reproduir <\/strong>i obtenir c\u00f2pies de les fotografies, o de part daquestes, a trav\u00e9s de qualsevol procediment i\/o mitj\u00e0, tangible o intangible;<\/li><\/ul><ul><li>A <strong>explotar <\/strong>les fotografies separada o conjuntament amb m\u00fasica, so o imatges (incloent-ne la sincronitzaci\u00f3);<\/li><\/ul><ul><li>El dret a <strong>transformar <\/strong>les fotografies, cosa que inclou qualsevol ajust, canvi, arranjament i\/o modificaci\u00f3 d&#039;aquestes, sense perjudici del respecte als drets morals;<\/li><\/ul><ul><li>El dret a <strong>distribuir <\/strong>les Fotografies mitjan\u00e7ant venda, lloguer, pr\u00e9stec o de qualsevol altra forma tant per a \u00fas privat com p\u00fablic, incloent sense limitaci\u00f3 el dret a crear, realitzar o produir i distribuir qualsevol forma de productes de consum (\u201cconsumer products\u201d) mitjan\u00e7ant la utilitzaci\u00f3 de qualsevol material impr\u00e8s o gravat (el que inclou, amb car\u00e0cter no limitatiu, llibres i joguines animades amb m\u00fasica i\/o lletra, productes educatius i altres materials) interactius i inform\u00e0tics (com CD Rom, productes o equipaments de xarxes inform\u00e0tiques (\u201ccomputer network\u201d), jocs d&#039;ordinador, etc.), mitjan\u00e7ant venda, lloguer, pr\u00e9stec o de qualsevol altra forma tant per a \u00fas privat com p\u00fablic;<\/li><\/ul><ul><li>El dret a <strong>comunicar p\u00fablicament, publicitar i promocionar <\/strong>les Fotografies en qualsevol mitj\u00e0 o sistema t\u00e8cnic o tecnol\u00f2gic, incloent-hi a t\u00edtol merament enunciatiu i no limitatiu, la projecci\u00f3 o exhibici\u00f3 p\u00fablica cinematogr\u00e0fica, no cinematogr\u00e0fica, l&#039;explotaci\u00f3 televisiva (v.gr., televisi\u00f3 de pagament, gratu\u00efta, televisi\u00f3 per cable, pagament per visi\u00f3, televisi\u00f3 per sat\u00e8l\u00b7lit, fibra \u00f2ptica, terres, ones hercianes, his; qualsevol forma de productes de consum mitjan\u00e7ant la utilitzaci\u00f3 de qualsevol material impr\u00e8s o gravat (el que inclou, amb car\u00e0cter no limitatiu, llibres i joguines animades amb m\u00fasica i\/o lletra, productes educatius i altres materials promocionals o de m\u00e0rqueting (\u201cmerchandising\u201d), productes i serveis interactius i inform\u00e0tics (com ara CD Rom, jocs d&#039;ordinador i etc.), usos comercials i usos comercials en fase de recerca o desenvolupament;<\/li><\/ul><ul><li>El dret a <strong>concedir llic\u00e8ncies a tercers <\/strong>per a la realitzaci\u00f3 de qualsevol de les accions<\/li><\/ul><p>De conformitat amb el que disposa el Reglament General de Protecci\u00f3 de Dades (\u201cRGPD\u201d) i la resta de normativa de desenvolupament en aquest sentit, <strong>BATALLA CAF\u00c8S <\/strong>informa els usuaris de la p\u00e0gina web (\u201c<a href=\"https:\/\/cafesbatalla.com\/ca\/\">https:\/\/cafesbatalla.com\/<\/a>\u201d) que ens pot proporcionar volunt\u00e0riament, informaci\u00f3 de car\u00e0cter personal ja sigui a trav\u00e9s de determinats formularis de recollida de dades personals de car\u00e0cter personal incloses en les diferents seccions de la Web, i que totes aquestes dades de car\u00e0cter personal hauran de ser recollides en un fitxer, el responsable del qual \u00e9s l&#039;empresa <strong>BATALLA CAF\u00c8S 2000 SL<\/strong>, segons s&#039;indica a les corresponents seccions de la Web.<\/p><p>En relaci\u00f3 amb aquest Concurs ser\u00e0 necessari per a la bona fi del mateix que les dades del compte de Facebook i\/o Instagram recollides autom\u00e0ticament dels participants i els lliurats per qui resulti elegit en el sorteig siguin veraces, complets i actuals, a la qual cosa es comprometen els mateixos.<\/p><p>Si les dades de car\u00e0cter personal d&#039;un guanyador al sorteig fossin incerts, falsos, incomplets o no estiguessin actualitzats de manera que la identificaci\u00f3 del guanyador sigui impossible per mitjans raonables, <strong>\u201cBATALLA CAF\u00c8S\u201d <\/strong>es reserva el dret a desqualificar-lo del sorteig, quedant lliure de tota responsabilitat sobre aix\u00f2.<\/p><p>Les dades personals sol\u00b7licitades al participant guanyador en la promoci\u00f3 del Concurs s\u00f3n necess\u00e0ries i obligat\u00f2ries per a la participaci\u00f3, i s&#039;incorporaran a un fitxer titularitat <strong>BATALLA CAF\u00c8S<\/strong>. Seran tractats per comunicar-nos-hi i utilitzar-los amb finalitats de publicitat i prospecci\u00f3 comercial, per fer-li arribar informaci\u00f3 <strong>BATALLA CAF\u00c8S<\/strong>.<\/p><p>El concursant podr\u00e0 exercitar en qualsevol moment els seus drets dacc\u00e9s, rectificaci\u00f3, supressi\u00f3, limitaci\u00f3 de tractament, portabilitat i oposici\u00f3 al tractament, dirigint-se mitjan\u00e7ant carta f\u00edsica a <strong>CAF\u00c8S BATALLA 2000 SL, carrer C, Parcel\u00b7la 69, N-1. Pol\u00edgon Industrial Cam\u00ed dels Frares, CP 25191, Lleida.<\/strong><\/p><p><strong>\u00a0<\/strong><\/p><h3><strong>7. Altres normes d&#039;\u00fas<\/strong><\/h3><p>No s&#039;admetran comentaris ofensius, insults, amenaces, llenguatge malsonant, continguts degradants o desqualificacions cap als nostres productes i serveis, marques, equip hum\u00e0 o altres membres de la comunitat.<\/p><p>De la mateixa manera, s&#039;eliminaran o restringiran els comentaris publicitaris o sobre la nostra compet\u00e8ncia, tant explicita com encoberta, ja que considerem que aquest no \u00e9s el lloc adequat per acollir aquest tipus d&#039;informacions.<\/p><p>L&#039;equip <strong>BATALLA CAF\u00c8S <\/strong>tindr\u00e0 la potestat, en darrer terme, de poder esborrar qualsevol publicaci\u00f3 que sota el seu criteri no s&#039;ajusti als tipus de contingut que volem.<\/p><p><strong>BATALLA CAF\u00c8S <\/strong>queda eximida de qualsevol responsabilitat en cas que hi hagi algun error en les dades facilitades pels mateixos participants que n&#039;imped\u00eds la identificaci\u00f3.<\/p><p>Igualment, <strong>BATALLA CAF\u00c8S <\/strong>no es responsabilitza de possibles p\u00e8rdues, deterioraments, robatoris o qualsevol altra circumst\u00e0ncia imputable a l&#039;empresa de missatgeria que puguin afectar l&#039;enviament dels premis.<\/p><p><strong>BATALLA CAF\u00c8S <\/strong>es reserva el dret d&#039;emprendre accions judicials contra aquelles persones que facin qualsevol tipus d&#039;acte susceptible de ser considerat manipulaci\u00f3 o falsificaci\u00f3 del concurs.<\/p><p><strong>BATALLA CAF\u00c8S<\/strong> queda eximida de qualsevol responsabilitat per danys i perjudicis de tota naturalesa que es puguin deure a la manca temporal de disponibilitat o de continu\u00eftat del funcionament dels serveis mitjan\u00e7ant els quals es participa al Concurs, la defraudaci\u00f3 de la utilitat que els participants haguessin pogut atribuir a aquests, i en particular, encara que no de manera exclusiva, a les fallades en l&#039;acc\u00e9s a les diferents p\u00e0gines i enviaments de resposta.<\/p><p><strong>BATALLA CAF\u00c8S <\/strong>es reserva el dret d&#039;efectuar tots els canvis que consideri que redunden en la bona fi del Concurs, quan concorri una causa justa o motius de for\u00e7a major que impedeixin dur-la a terme en la forma com recullen les presents Bases.<\/p><p><strong>BATALLA CAF\u00c8S <\/strong>es reserva el dret d&#039;ajornar i\/o ampliar la durada del Concurs, aix\u00ed com la facultat d&#039;interpretar aquestes Bases.<\/p><p>Aix\u00ed mateix, <strong>BATALLA CAF\u00c8S <\/strong>queda exempta de tota responsabilitat si concorre algun dels casos assenyalats, aix\u00ed com de qualsevol responsabilitat pels danys i perjudicis que poguessin ocasionar-se durant el gaudi del Premi.<\/p><p>\u00a0<\/p><h3><strong>8. Acceptaci\u00f3 de les bases<\/strong><\/h3><p>La simple participaci\u00f3 en el Concurs implica l&#039;acceptaci\u00f3 de les presents Bases, per la qual cosa la manifestaci\u00f3 en el sentit de no acceptaci\u00f3 de la totalitat o part d&#039;aquestes implicar\u00e0 l&#039;exclusi\u00f3 del participant ia conseq\u00fc\u00e8ncia d&#039;aix\u00f2, <strong>BATALLA CAF\u00c8S<\/strong> queda alliberada del compliment de l&#039;obligaci\u00f3 contreta amb aquest participant.<\/p><p class=\"p6\"><strong>EN PARTICIPAR EN EL CONCURS \u201cSORTEIG UNA CAFETERA D&#039;\u00c8MBOL I DOS PAQUETS DE COSTA RICA CAF\u00c8 DONA solidari amb MAMAPOP\u201d ASSUMPTE QUE HE LLEGIT I ACCEPTAT LES PRESENTS BASES, POL\u00cdTICA DE PROTECCI\u00d3 DE DADES DE CAR\u00c0CTER PERSON IMATGE.<\/strong><\/p>\t\t\t\t\t\t\t\t<\/div>\n\t\t\t\t<\/div>\n\t\t\t\t\t<\/div>\n\t\t<\/div>\n\t\t\t\t\t<\/div>\n\t\t<\/section>\n\t\t\t\t<\/div>","protected":false},"excerpt":{"rendered":"<p>SORTEO&nbsp; DICIEMBRE 2025 SORTEO UNA CAFETERA DE \u00c9MBOLO Y DOS PAQUETES DE COSTA RICA CAF\u00c9 MUJER solidario con MAMAPOP \u00a0 1.\u00a0 Sociedad Organizadora CAF\u00c9S BATALLA 2000 S.L., entidad espa\u00f1ola, provista del N.I.F. B 31543259, con domicilio en la calle C, Parcela 69, N-1. Pol\u00edgono Industrial Cam\u00ed dels Frares de Lleida, CP 25191 a efectos de [&hellip;]<\/p>","protected":false},"author":3,"featured_media":6265,"parent":0,"menu_order":0,"comment_status":"closed","ping_status":"closed","template":"","meta":{"footnotes":""},"class_list":["post-9502","page","type-page","status-publish","has-post-thumbnail","hentry"],"_links":{"self":[{"href":"https:\/\/cafesbatalla.com\/ca\/wp-json\/wp\/v2\/pages\/9502","targetHints":{"allow":["GET"]}}],"collection":[{"href":"https:\/\/cafesbatalla.com\/ca\/wp-json\/wp\/v2\/pages"}],"about":[{"href":"https:\/\/cafesbatalla.com\/ca\/wp-json\/wp\/v2\/types\/page"}],"author":[{"embeddable":true,"href":"https:\/\/cafesbatalla.com\/ca\/wp-json\/wp\/v2\/users\/3"}],"replies":[{"embeddable":true,"href":"https:\/\/cafesbatalla.com\/ca\/wp-json\/wp\/v2\/comments?post=9502"}],"version-history":[{"count":28,"href":"https:\/\/cafesbatalla.com\/ca\/wp-json\/wp\/v2\/pages\/9502\/revisions"}],"predecessor-version":[{"id":9531,"href":"https:\/\/cafesbatalla.com\/ca\/wp-json\/wp\/v2\/pages\/9502\/revisions\/9531"}],"wp:featuredmedia":[{"embeddable":true,"href":"https:\/\/cafesbatalla.com\/ca\/wp-json\/wp\/v2\/media\/6265"}],"wp:attachment":[{"href":"https:\/\/cafesbatalla.com\/ca\/wp-json\/wp\/v2\/media?parent=9502"}],"curies":[{"name":"wp","href":"https:\/\/api.w.org\/{rel}","templated":true}]}}