{"id":127,"date":"2021-06-15T16:45:16","date_gmt":"2021-06-15T16:45:16","guid":{"rendered":"http:\/\/cafesbatalla.com\/?page_id=127"},"modified":"2021-08-19T05:23:09","modified_gmt":"2021-08-19T05:23:09","slug":"avis-legal","status":"publish","type":"page","link":"https:\/\/cafesbatalla.com\/ca\/avis-legal\/","title":{"rendered":"Av\u00eds legal"},"content":{"rendered":"<div data-elementor-type=\"wp-page\" data-elementor-id=\"127\" class=\"elementor elementor-127\" data-elementor-post-type=\"page\">\n\t\t\t\t\t\t<section class=\"ob-is-breaking-bad elementor-section elementor-top-section elementor-element elementor-element-54be0a6 elementor-section-boxed elementor-section-height-default elementor-section-height-default\" data-id=\"54be0a6\" data-element_type=\"section\" data-e-type=\"section\" data-settings=\"{&quot;jet_parallax_layout_list&quot;:[{&quot;jet_parallax_layout_image&quot;:{&quot;url&quot;:&quot;&quot;,&quot;id&quot;:&quot;&quot;,&quot;size&quot;:&quot;&quot;},&quot;_id&quot;:&quot;5c7017a&quot;,&quot;jet_parallax_layout_image_tablet&quot;:{&quot;url&quot;:&quot;&quot;,&quot;id&quot;:&quot;&quot;,&quot;size&quot;:&quot;&quot;},&quot;jet_parallax_layout_image_mobile&quot;:{&quot;url&quot;:&quot;&quot;,&quot;id&quot;:&quot;&quot;,&quot;size&quot;:&quot;&quot;},&quot;jet_parallax_layout_speed&quot;:{&quot;unit&quot;:&quot;%&quot;,&quot;size&quot;:50,&quot;sizes&quot;:[]},&quot;jet_parallax_layout_type&quot;:&quot;scroll&quot;,&quot;jet_parallax_layout_direction&quot;:null,&quot;jet_parallax_layout_fx_direction&quot;:null,&quot;jet_parallax_layout_z_index&quot;:&quot;&quot;,&quot;jet_parallax_layout_bg_x&quot;:50,&quot;jet_parallax_layout_bg_x_tablet&quot;:&quot;&quot;,&quot;jet_parallax_layout_bg_x_mobile&quot;:&quot;&quot;,&quot;jet_parallax_layout_bg_y&quot;:50,&quot;jet_parallax_layout_bg_y_tablet&quot;:&quot;&quot;,&quot;jet_parallax_layout_bg_y_mobile&quot;:&quot;&quot;,&quot;jet_parallax_layout_bg_size&quot;:&quot;auto&quot;,&quot;jet_parallax_layout_bg_size_tablet&quot;:&quot;&quot;,&quot;jet_parallax_layout_bg_size_mobile&quot;:&quot;&quot;,&quot;jet_parallax_layout_animation_prop&quot;:&quot;transform&quot;,&quot;jet_parallax_layout_on&quot;:[&quot;desktop&quot;,&quot;tablet&quot;]}],&quot;_ob_bbad_use_it&quot;:&quot;yes&quot;,&quot;_ob_bbad_sssic_use&quot;:&quot;no&quot;,&quot;_ob_glider_is_slider&quot;:&quot;no&quot;}\">\n\t\t\t\t\t\t<div class=\"elementor-container elementor-column-gap-default\">\n\t\t\t\t\t<div class=\"elementor-column elementor-col-100 elementor-top-column elementor-element elementor-element-42621c9\" data-id=\"42621c9\" data-element_type=\"column\" data-e-type=\"column\" data-settings=\"{&quot;_ob_bbad_is_stalker&quot;:&quot;no&quot;,&quot;_ob_teleporter_use&quot;:false,&quot;_ob_column_hoveranimator&quot;:&quot;no&quot;,&quot;_ob_column_has_pseudo&quot;:&quot;no&quot;}\">\n\t\t\t<div class=\"elementor-widget-wrap elementor-element-populated\">\n\t\t\t\t\t\t<div class=\"elementor-element elementor-element-d7a4a18 elementor-invisible ob-has-background-overlay elementor-widget elementor-widget-jet-headline\" data-id=\"d7a4a18\" data-element_type=\"widget\" data-e-type=\"widget\" data-settings=\"{&quot;_animation&quot;:&quot;fadeInDown&quot;,&quot;_animation_mobile&quot;:&quot;none&quot;,&quot;_ob_perspektive_use&quot;:&quot;no&quot;,&quot;_ob_poopart_use&quot;:&quot;yes&quot;,&quot;_ob_shadough_use&quot;:&quot;no&quot;,&quot;_ob_allow_hoveranimator&quot;:&quot;no&quot;,&quot;_ob_widget_stalker_use&quot;:&quot;no&quot;}\" data-widget_type=\"jet-headline.default\">\n\t\t\t\t<div class=\"elementor-widget-container\">\n\t\t\t\t\t<h1 class=\"jet-headline jet-headline--direction-horizontal\"><span class=\"jet-headline__part jet-headline__first\"><span class=\"jet-headline__label\">Av\u00eds<\/span><\/span><span class=\"jet-headline__space\">&nbsp;<\/span><span class=\"jet-headline__part jet-headline__second\"><span class=\"jet-headline__label\">Legal<\/span><\/span><\/h1>\t\t\t\t<\/div>\n\t\t\t\t<\/div>\n\t\t\t\t<div class=\"elementor-element elementor-element-010c3b2 ob-harakiri-inherit elementor-invisible ob-has-background-overlay elementor-widget elementor-widget-text-editor\" data-id=\"010c3b2\" data-element_type=\"widget\" data-e-type=\"widget\" data-settings=\"{&quot;_animation&quot;:&quot;fadeIn&quot;,&quot;_ob_use_harakiri&quot;:&quot;yes&quot;,&quot;_ob_harakiri_writing_mode&quot;:&quot;inherit&quot;,&quot;_ob_postman_use&quot;:&quot;no&quot;,&quot;_ob_perspektive_use&quot;:&quot;no&quot;,&quot;_ob_poopart_use&quot;:&quot;yes&quot;,&quot;_ob_shadough_use&quot;:&quot;no&quot;,&quot;_ob_allow_hoveranimator&quot;:&quot;no&quot;,&quot;_ob_widget_stalker_use&quot;:&quot;no&quot;}\" data-widget_type=\"text-editor.default\">\n\t\t\t\t<div class=\"elementor-widget-container\">\n\t\t\t\t\t\t\t\t\t<div>A trav\u00e9s del present av\u00eds, CAFES BATALLA 2000 SL, amb NIF B31543259 i domicili al Pol\u00edgon Industrial Cam\u00ed dels Frares Carrer C (3a fase) Parcel\u00b7la 69, N-1, CP 25191 de Lleida (d&#039;ara endavant, el Prestador del Servei) informa 6 Parlament Europeu i del Consell, de 27 d&#039;abril de 2016, relatiu a la protecci\u00f3 de dades de car\u00e0cter personal (d&#039;ara endavant, el Reglament), amb la finalitat que aquests decideixin de forma expressa, lliure i volunt\u00e0ria, si volen facilitar-li les dades personals que li s\u00f3n sol\u00b7licitades al lloc web per a la prestaci\u00f3 dels seus serveis.<\/div><div>\u00a0<\/div><div>Tamb\u00e9 s&#039;informa que la finalitat del tractament a qu\u00e8 es destinen les dades que ens facilitin els usuaris \u00e9s exclusivament la de cursar la seva petici\u00f3 o consulta que realitzin a trav\u00e9s del present lloc web i, si escau, si els usuaris expressament ho consenten mitjan\u00e7ant la marcaci\u00f3 de la casella corresponent a peu del formulari de recollida de dades, remetre&#039;ls informaci\u00f3 sobre les activitats del Prestador del Servei que puguin resultar al Prestador del Servei per al tractament de les seves dades amb les finalitats anteriors. El consentiment prestat, que constitueix la base jur\u00eddica que legitima el tractament de les dades, \u00e9s revocable en qualsevol moment sense que aix\u00f2 afecti la licitud del tractament basat en el consentiment previ a la seva retirada.<\/div><div>\u00a0<\/div><div>Tret que espec\u00edficament s&#039;estableixi el contrari, es considerar\u00e0 necessari completar totes les dades requerides al formulari de dades. En cas de no subministrar totes les dades estimades com a necess\u00e0ries, el Prestador del Servei podr\u00e0, depenent del cas, no cursar la concreta sol\u00b7licitud que s&#039;efectu\u00ef. Les dades facilitades es conservaran fins al moment en qu\u00e8 els usuaris decideixin revocar-ne el consentiment al tractament.<\/div><div>\u00a0<\/div><div>Els usuaris hauran d&#039;emplenar els formularis amb dades vertaderes, exactes, completes i actualitzades, responent dels danys i perjudicis que pogu\u00e9s ocasionar a causa de l&#039;emplenament defectu\u00f3s dels formularis amb dades falses, inexactes, incompletes o no actualitzades.<\/div><div>\u00a0<\/div><div>El prestador del Servei ha adoptat els nivells de seguretat de protecci\u00f3 de les dades personals exigits a la legislaci\u00f3 vigent de protecci\u00f3 de dades, instal\u00b7lant les mesures t\u00e8cniques i organitzatives necess\u00e0ries per evitar la p\u00e8rdua, mal \u00fas, alteraci\u00f3, acc\u00e9s no autoritzat i altres riscos possibles.<\/div><div>Igualment, el Prestador del Servei es compromet al compliment de la seva obligaci\u00f3 de secret de les dades personals i del seu deure de guardar-les i adoptar\u00e0 totes les mesures necess\u00e0ries per evitar la seva alteraci\u00f3, p\u00e8rdua, tractament o acc\u00e9s no autoritzat, tenint en compte en tot moment de l&#039;estat de la tecnologia.\u00a0<\/div><div>Els usuaris o persones que els representin podran exercitar en qualsevol moment el dret d&#039;acc\u00e9s, rectificaci\u00f3, supressi\u00f3 i, si \u00e9s el cas, oposici\u00f3 d&#039;acord amb el que estableix el Reglament, dirigint una comunicaci\u00f3 escrita a CAFES BATALLA 2000 SL, a la seg\u00fcent adre\u00e7a postal: Pol\u00edgon Industrial Cam\u00ed dels Frares Carrer C (3a fase) Parcel 9 i\/o electr\u00f2nica:\u00a0<a class=\"mailto\" href=\"mailto:info@cafesbatalla.com\">info@cafesbatalla.com<\/a>\u00a0on s&#039;acrediti la identitat de l&#039;usuari.\u00a0<\/div><div>\u00a0<\/div><div>En cas que el prestador del servei presta algun tipus de servei especial en qu\u00e8 determini unes previsions espec\u00edfiques diferents d&#039;aquestes, quant a la protecci\u00f3 de dades, tindr\u00e0 primacia l&#039;aplicaci\u00f3 de les normes particulars indicades per a aquest servei en particular per sobre de les presents, en cas d&#039;incongru\u00e8ncia.<\/div><div>El Prestador del Servei es reserva el dret a modificar aquesta pol\u00edtica, informant pr\u00e8viament els usuaris dels canvis que s&#039;hi introdueixin.<\/div><div>Els usuaris tenen dret a presentar una reclamaci\u00f3 davant de l&#039;Ag\u00e8ncia Espanyola de Protecci\u00f3 de Dades si estimen que els drets de protecci\u00f3 de dades han estat vulnerats.<\/div>\t\t\t\t\t\t\t\t<\/div>\n\t\t\t\t<\/div>\n\t\t\t\t\t<\/div>\n\t\t<\/div>\n\t\t\t\t\t<\/div>\n\t\t<\/section>\n\t\t\t\t<\/div>","protected":false},"excerpt":{"rendered":"<p>Aviso&nbsp;Legal A trav\u00e9s del presente aviso, CAFES BATALLA 2000 S.L., con NIF B31543259 y domicilio en el Pol\u00edgono Industrial Cam\u00ed dels Frares Calle C (3a fase) Parcela 69, N-1, CP 25191 de Lleida (en adelante, el Prestador del Servicio) informa a los usuarios en cumplimiento del art\u00edculo 13 de Reglamento UE 2016\/679 del Parlamento Europeo [&hellip;]<\/p>","protected":false},"author":1,"featured_media":0,"parent":0,"menu_order":0,"comment_status":"closed","ping_status":"closed","template":"","meta":{"footnotes":""},"class_list":["post-127","page","type-page","status-publish","hentry"],"_links":{"self":[{"href":"https:\/\/cafesbatalla.com\/ca\/wp-json\/wp\/v2\/pages\/127","targetHints":{"allow":["GET"]}}],"collection":[{"href":"https:\/\/cafesbatalla.com\/ca\/wp-json\/wp\/v2\/pages"}],"about":[{"href":"https:\/\/cafesbatalla.com\/ca\/wp-json\/wp\/v2\/types\/page"}],"author":[{"embeddable":true,"href":"https:\/\/cafesbatalla.com\/ca\/wp-json\/wp\/v2\/users\/1"}],"replies":[{"embeddable":true,"href":"https:\/\/cafesbatalla.com\/ca\/wp-json\/wp\/v2\/comments?post=127"}],"version-history":[{"count":0,"href":"https:\/\/cafesbatalla.com\/ca\/wp-json\/wp\/v2\/pages\/127\/revisions"}],"wp:attachment":[{"href":"https:\/\/cafesbatalla.com\/ca\/wp-json\/wp\/v2\/media?parent=127"}],"curies":[{"name":"wp","href":"https:\/\/api.w.org\/{rel}","templated":true}]}}