{"id":123,"date":"2021-06-15T16:44:57","date_gmt":"2021-06-15T16:44:57","guid":{"rendered":"http:\/\/cafesbatalla.com\/?page_id=123"},"modified":"2021-08-19T05:35:38","modified_gmt":"2021-08-19T05:35:38","slug":"politica-de-cookies","status":"publish","type":"page","link":"https:\/\/cafesbatalla.com\/ca\/politica-de-cookies\/","title":{"rendered":"Pol\u00edtica de cookies"},"content":{"rendered":"<div data-elementor-type=\"wp-page\" data-elementor-id=\"123\" class=\"elementor elementor-123\" data-elementor-post-type=\"page\">\n\t\t\t\t\t\t<section class=\"ob-is-breaking-bad elementor-section elementor-top-section elementor-element elementor-element-026b4ce elementor-section-boxed elementor-section-height-default elementor-section-height-default\" data-id=\"026b4ce\" data-element_type=\"section\" data-e-type=\"section\" data-settings=\"{&quot;jet_parallax_layout_list&quot;:[{&quot;jet_parallax_layout_image&quot;:{&quot;url&quot;:&quot;&quot;,&quot;id&quot;:&quot;&quot;,&quot;size&quot;:&quot;&quot;},&quot;_id&quot;:&quot;5c7017a&quot;,&quot;jet_parallax_layout_image_tablet&quot;:{&quot;url&quot;:&quot;&quot;,&quot;id&quot;:&quot;&quot;,&quot;size&quot;:&quot;&quot;},&quot;jet_parallax_layout_image_mobile&quot;:{&quot;url&quot;:&quot;&quot;,&quot;id&quot;:&quot;&quot;,&quot;size&quot;:&quot;&quot;},&quot;jet_parallax_layout_speed&quot;:{&quot;unit&quot;:&quot;%&quot;,&quot;size&quot;:50,&quot;sizes&quot;:[]},&quot;jet_parallax_layout_type&quot;:&quot;scroll&quot;,&quot;jet_parallax_layout_direction&quot;:null,&quot;jet_parallax_layout_fx_direction&quot;:null,&quot;jet_parallax_layout_z_index&quot;:&quot;&quot;,&quot;jet_parallax_layout_bg_x&quot;:50,&quot;jet_parallax_layout_bg_x_tablet&quot;:&quot;&quot;,&quot;jet_parallax_layout_bg_x_mobile&quot;:&quot;&quot;,&quot;jet_parallax_layout_bg_y&quot;:50,&quot;jet_parallax_layout_bg_y_tablet&quot;:&quot;&quot;,&quot;jet_parallax_layout_bg_y_mobile&quot;:&quot;&quot;,&quot;jet_parallax_layout_bg_size&quot;:&quot;auto&quot;,&quot;jet_parallax_layout_bg_size_tablet&quot;:&quot;&quot;,&quot;jet_parallax_layout_bg_size_mobile&quot;:&quot;&quot;,&quot;jet_parallax_layout_animation_prop&quot;:&quot;transform&quot;,&quot;jet_parallax_layout_on&quot;:[&quot;desktop&quot;,&quot;tablet&quot;]}],&quot;_ob_bbad_use_it&quot;:&quot;yes&quot;,&quot;_ob_bbad_sssic_use&quot;:&quot;no&quot;,&quot;_ob_glider_is_slider&quot;:&quot;no&quot;}\">\n\t\t\t\t\t\t<div class=\"elementor-container elementor-column-gap-default\">\n\t\t\t\t\t<div class=\"elementor-column elementor-col-100 elementor-top-column elementor-element elementor-element-1a2a4d3\" data-id=\"1a2a4d3\" data-element_type=\"column\" data-e-type=\"column\" data-settings=\"{&quot;_ob_bbad_is_stalker&quot;:&quot;no&quot;,&quot;_ob_teleporter_use&quot;:false,&quot;_ob_column_hoveranimator&quot;:&quot;no&quot;,&quot;_ob_column_has_pseudo&quot;:&quot;no&quot;}\">\n\t\t\t<div class=\"elementor-widget-wrap elementor-element-populated\">\n\t\t\t\t\t\t<div class=\"elementor-element elementor-element-e766f5f elementor-invisible ob-has-background-overlay elementor-widget elementor-widget-jet-headline\" data-id=\"e766f5f\" data-element_type=\"widget\" data-e-type=\"widget\" data-settings=\"{&quot;_animation&quot;:&quot;fadeInDown&quot;,&quot;_animation_mobile&quot;:&quot;none&quot;,&quot;_ob_perspektive_use&quot;:&quot;no&quot;,&quot;_ob_poopart_use&quot;:&quot;yes&quot;,&quot;_ob_shadough_use&quot;:&quot;no&quot;,&quot;_ob_allow_hoveranimator&quot;:&quot;no&quot;,&quot;_ob_widget_stalker_use&quot;:&quot;no&quot;}\" data-widget_type=\"jet-headline.default\">\n\t\t\t\t<div class=\"elementor-widget-container\">\n\t\t\t\t\t<h1 class=\"jet-headline jet-headline--direction-horizontal\"><span class=\"jet-headline__part jet-headline__first\"><span class=\"jet-headline__label\">Pol\u00edtica<\/span><\/span><span class=\"jet-headline__space\">&nbsp;<\/span><span class=\"jet-headline__part jet-headline__second\"><span class=\"jet-headline__label\">de cookies<\/span><\/span><\/h1>\t\t\t\t<\/div>\n\t\t\t\t<\/div>\n\t\t\t\t<div class=\"elementor-element elementor-element-0a66d5e ob-harakiri-inherit elementor-invisible ob-has-background-overlay elementor-widget elementor-widget-text-editor\" data-id=\"0a66d5e\" data-element_type=\"widget\" data-e-type=\"widget\" data-settings=\"{&quot;_animation&quot;:&quot;fadeIn&quot;,&quot;_ob_use_harakiri&quot;:&quot;yes&quot;,&quot;_ob_harakiri_writing_mode&quot;:&quot;inherit&quot;,&quot;_ob_postman_use&quot;:&quot;no&quot;,&quot;_ob_perspektive_use&quot;:&quot;no&quot;,&quot;_ob_poopart_use&quot;:&quot;yes&quot;,&quot;_ob_shadough_use&quot;:&quot;no&quot;,&quot;_ob_allow_hoveranimator&quot;:&quot;no&quot;,&quot;_ob_widget_stalker_use&quot;:&quot;no&quot;}\" data-widget_type=\"text-editor.default\">\n\t\t\t\t<div class=\"elementor-widget-container\">\n\t\t\t\t\t\t\t\t\t<h3><strong>Qu\u00e8 s\u00f3n les galetes?<\/strong><\/h3><p>Aquest lloc web utilitza galetes i\/o tecnologies similars que emmagatzemen i recuperen informaci\u00f3 quan navegues. En general, aquestes tecnologies poden servir per a finalitats molt diverses, com ara recon\u00e8ixer-te com a usuari, obtenir informaci\u00f3 sobre els teus h\u00e0bits de navegaci\u00f3, o personalitzar la manera com es mostra el contingut. Els usos concrets que fem daquestes tecnologies es descriuen a continuaci\u00f3.<\/p><h3><strong>Per qu\u00e8 utilitza les cookies aquesta p\u00e0gina web?<\/strong><\/h3><p>Aquesta p\u00e0gina web utilitza les galetes per a una s\u00e8rie de finalitats, incloses:<\/p><ul><li><strong>An\u00e0lisi:\u00a0<\/strong>s\u00f3n aquelles que, tractades per nosaltres o per tercers, ens permeten quantificar el nombre d&#039;usuaris i aix\u00ed realitzar el mesurament i l&#039;an\u00e0lisi estad\u00edstica de la utilitzaci\u00f3 que fan els usuaris del servei ofert. Per aix\u00f2 s&#039;analitza la vostra navegaci\u00f3 a la nostra p\u00e0gina web per tal de millorar l&#039;oferta de productes o serveis que us oferim.<strong>\u00a0<\/strong><\/li><\/ul><ul><li><strong>Publicit\u00e0ries:\u00a0<\/strong>s\u00f3n aquelles que, tractades per nosaltres o per tercers, ens permeten analitzar els seus h\u00e0bits de navegaci\u00f3 a Internet perqu\u00e8 puguem mostrar publicitat relacionada amb el seu perfil de navegaci\u00f3.<br \/><br \/><\/li><\/ul><p>La identificaci\u00f3 de qui utilitza les galetes, el tipus de galetes utilitzades i altres detalls, s&#039;indica a continuaci\u00f3:<br \/><br \/><\/p><table><tbody><tr><td colspan=\"3\" width=\"566\"><p><strong>Cookies pr\u00f2pies<\/strong><\/p><\/td><\/tr><tr><td width=\"179\"><p><strong>Cookies<\/strong><\/p><\/td><td width=\"274\"><p><strong>Prop\u00f2sit<\/strong><\/p><\/td><td width=\"113\"><p><strong>Per\u00edode de conservaci\u00f3<\/strong><\/p><\/td><\/tr><tr><td width=\"179\"><p>viewed_cookie_policy<\/p><p>cookielawinfo- checkbox-necessary<\/p><p>cookielawinfo-checkbox-non-necessary<\/p><\/td><td width=\"274\"><p>La galeta es configura mitjan\u00e7ant el complement de consentiment de galetes GDPR i s&#039;utilitza per emmagatzemar si l&#039;usuari ha consentit o no l&#039;\u00fas de galetes. No emmagatzema cap dada persona<\/p><\/td><td width=\"113\"><p>11 mesos<\/p><\/td><\/tr><tr><td width=\"179\"><p>PHPSESSID<\/p><\/td><td width=\"274\"><p>Aquesta galeta \u00e9s usada pel llenguatge d&#039;encriptat PHP per permetre que les variables de SESSI\u00d3 siguin guardades al servidor web. Aquesta galeta \u00e9s essencial per al funcionament de la web.<\/p><\/td><td width=\"113\"><p>11 mesos<\/p><\/td><\/tr><\/tbody><\/table><table><tbody><tr><td colspan=\"4\" width=\"566\"><p><strong>Galetes de tercers<\/strong><\/p><\/td><\/tr><tr><td width=\"98\"><p><strong>Cookies<\/strong><\/p><\/td><td width=\"117\"><p><strong>Entitat que utilitza les cookies<\/strong><\/p><\/td><td width=\"230\"><p><strong>Prop\u00f2sit<\/strong><\/p><\/td><td width=\"121\"><p><strong>M\u00e9s informaci\u00f3<\/strong><\/p><\/td><\/tr><tr><td width=\"98\"><p>_ga<\/p><p>_gid<\/p><p>_gat<\/p><p>_utma<\/p><p>_utmb<\/p><p>_utmc<\/p><p>_utmt<\/p><p>_utmz<\/p><\/td><td width=\"117\"><p>Google Analytics<\/p><\/td><td width=\"230\"><p>Aquestes galetes s\u00f3n establertes per Google Analytic per rastrejar l&#039;\u00fas de la web. Aquestes galetes no s&#039;estableixen si desconnectes galetes per a aquesta web.<\/p><\/td><td width=\"121\"><p>Google Analytics<\/p><p>Centre de privadesa de Google<\/p><\/td><\/tr><tr><td width=\"98\"><p>IDE<\/p><\/td><td width=\"117\"><p>Google (doubleclick)<\/p><\/td><td width=\"230\"><p>Resultats i efectivitat de campanyes. S&#039;utilitzen per millorar la publicitat. Solen utilitzar-se per orientar la publicitat segons el contingut que \u00e9s rellevant per a un usuari, millorar els informes de rendiment de la campanya i evitar mostrar anuncis que lusuari ja hagi vist. Les galetes de DoubleClick no contenen informaci\u00f3 d&#039;identificaci\u00f3 personal.<\/p><\/td><td width=\"121\"><p>Centre de privadesa de Google<\/p><\/td><\/tr><tr><td width=\"98\"><p>YSC<\/p><p>PREF<\/p><p>GPS VISITOR_INFO1_LIVE<\/p><\/td><td width=\"117\"><p>YouTube<\/p><\/td><td width=\"230\"><p>Cookies de Youtube utilitzades en la reproducci\u00f3 de v\u00eddeos a trav\u00e9s de la web.<\/p><p>GPS de tercers, persistent, anal\u00edtica. Registra una identificaci\u00f3 \u00fanica a dispositius m\u00f2bils per permetre el seguiment basat en la ubicaci\u00f3 geogr\u00e0fica del GPS.<\/p><p>PREF: de tercers, persistent, anal\u00edtica. Emmagatzema les prefer\u00e8ncies de configuraci\u00f3, com ara idioma preferit, nombre de resultats de cerca mostrats per p\u00e0gina o activaci\u00f3 del filtre SafeSearch de Google.<\/p><p>VISITOR_INFO1_LIVE: de tercers, persistent, anal\u00edtica. Realitza el seguiment dels v\u00eddeos visitats que es troben incrustats a la web.<\/p><p>YSC: de tercers, de sessi\u00f3, anal\u00edtica. Mesura les reproduccions de v\u00eddeos realitzades per l&#039;usuari i registra els esdeveniments de \u201cM&#039;agrada\u201d o \u201cCompartir v\u00eddeo\u201d.<\/p><\/td><td width=\"121\"><p>Centre de privadesa de Google<\/p><\/td><\/tr><\/tbody><\/table><p>Nota: Les galetes de tipus \u201cPr\u00f2pies\u201d s\u00f3n utilitzades nom\u00e9s pel propietari d&#039;aquesta web i les galetes \u201cDe tercers\u201d s\u00f3n utilitzades, tamb\u00e9, pel prestador del servei que est\u00e0 detallat la taula anterior.<\/p><p>Podeu informar-vos de les transfer\u00e8ncies a tercers pa\u00efsos que, si escau, realitzen els tercers identificats en aquesta pol\u00edtica de cookies en les seves pol\u00edtiques corresponents (vegeu els enlla\u00e7os facilitats a l&#039;apartat \u201cM\u00e9s informaci\u00f3\u201d de la taula anterior).<br \/><br \/><\/p><h3><strong>Com puc desactivar o eliminar aquestes galetes?<\/strong><\/h3><p>Podeu permetre o bloquejar les cookies, aix\u00ed com esborrar les vostres dades de navegaci\u00f3 (incloses les cookies) des del navegador que vost\u00e8 utilitza. Consulteu les opcions i instruccions que ofereix el vostre navegador. Tingueu en compte que si accepteu les galetes de tercers, haureu d&#039;eliminar-les des de les opcions del navegador.<\/p><p>A continuaci\u00f3 teniu disponibles els enlla\u00e7os amb la informaci\u00f3 per gestionar les cookies dels navegadors m\u00e9s utilitzats:<\/p><ul><li><strong>Firefox<\/strong>:\u00a0<a href=\"http:\/\/support.mozilla.org\/es\/kb\/habilitar-y-deshabilitar-cookies-que-los-sitios-we\" target=\"_blank\" rel=\"noopener\">http:\/\/support.mozilla.org\/es\/kb\/habilitar-y-deshabilitar-cookies-que-los-sitios-we<\/a><\/li><\/ul><ul><li><strong>Chrome<\/strong>:\u00a0<a href=\"http:\/\/support.google.com\/chrome\/bin\/answer.py?hl=es&amp;answer=95647\" target=\"_blank\" rel=\"noopener\">http:\/\/support.google.com\/chrome\/bin\/answer.py?hl=es&amp;answer=95647<\/a><\/li><\/ul><ul><li><strong>Internet Explorer<\/strong>:\u00a0<a href=\"https:\/\/support.microsoft.com\/es-es\/help\/278835\/how-to-delete-cookie-files-in-internet-explorer\" target=\"_blank\" rel=\"noopener\">https:\/\/support.microsoft.com\/es-es\/help\/278835\/how-to-delete-cookie-files-in-internet-explorer<\/a><\/li><\/ul><ul><li><strong>Microsoft Edge:\u00a0<\/strong><a href=\"https:\/\/support.microsoft.com\/es-es\/help\/4468242\/microsoft-edge-browsing-data-and-privacy-microsoft-privacy\" target=\"_blank\" rel=\"noopener\">https:\/\/support.microsoft.com\/es-es\/help\/4468242\/microsoft-edge-browsing-data-and-privacy-microsoft-privacy<\/a><\/li><\/ul><ul><li><strong>Safari<\/strong>:\u00a0<a href=\"http:\/\/support.apple.com\/kb\/ph5042\" target=\"_blank\" rel=\"noopener\">http:\/\/support.apple.com\/kb\/ph5042<\/a><\/li><\/ul><ul><li><strong>Opera<\/strong>:\u00a0<a href=\"http:\/\/help.opera.com\/Windows\/11.50\/es-ES\/cookies.html\" target=\"_blank\" rel=\"noopener\">http:\/\/help.opera.com\/Windows\/11.50\/es-ES\/cookies.html<\/a><\/li><\/ul><ul><li><strong>Altres navegadors:\u00a0<\/strong>consulteu la documentaci\u00f3 del navegador que tingueu instal\u00b7lat.<br \/><br \/><\/li><\/ul><h3><strong>Complement d&#039;inhabilitaci\u00f3 per a navegadors de Google Analytics<\/strong><\/h3><p>Si voleu rebutjar les galetes anal\u00edtiques de Google Analytics a tots els navegadors, de manera que no s&#039;envi\u00ef informaci\u00f3 vostra a Google Analitys, podeu descarregar un complement que realitza aquesta funci\u00f3 des d&#039;aquest enlla\u00e7:<\/p><p><a href=\"https:\/\/tools.google.com\/dlpage\/gaoptout\" target=\"_blank\" rel=\"noopener\">https:\/\/tools.google.com\/dlpage\/gaoptout<\/a>.<br \/><br \/><\/p><h3><strong>Exercici de drets<\/strong><\/h3><p>Podeu con\u00e8ixer i exercir els vostres drets en mat\u00e8ria de protecci\u00f3 de dades accedint a la nostra\u00a0<a href=\"https:\/\/cafesbatalla.com\/ca\/politica-de-privadesa\/\"><u>Pol\u00edtic<\/u><u>a<\/u><u> de Privadesa<\/u><\/a>.<\/p>\t\t\t\t\t\t\t\t<\/div>\n\t\t\t\t<\/div>\n\t\t\t\t\t<\/div>\n\t\t<\/div>\n\t\t\t\t\t<\/div>\n\t\t<\/section>\n\t\t\t\t<\/div>","protected":false},"excerpt":{"rendered":"<p>Pol\u00edtica&nbsp;de cookies \u00bfQu\u00e9 son las cookies? Este sitio web utiliza cookies y\/o tecnolog\u00edas similares que almacenan y recuperan informaci\u00f3n cuando navegas. En general, estas tecnolog\u00edas pueden servir para finalidades muy diversas, como, por ejemplo, reconocerte como usuario, obtener informaci\u00f3n sobre tus h\u00e1bitos de navegaci\u00f3n, o personalizar la forma en que se muestra el contenido. Los [&hellip;]<\/p>","protected":false},"author":1,"featured_media":0,"parent":0,"menu_order":0,"comment_status":"closed","ping_status":"closed","template":"","meta":{"footnotes":""},"class_list":["post-123","page","type-page","status-publish","hentry"],"_links":{"self":[{"href":"https:\/\/cafesbatalla.com\/ca\/wp-json\/wp\/v2\/pages\/123","targetHints":{"allow":["GET"]}}],"collection":[{"href":"https:\/\/cafesbatalla.com\/ca\/wp-json\/wp\/v2\/pages"}],"about":[{"href":"https:\/\/cafesbatalla.com\/ca\/wp-json\/wp\/v2\/types\/page"}],"author":[{"embeddable":true,"href":"https:\/\/cafesbatalla.com\/ca\/wp-json\/wp\/v2\/users\/1"}],"replies":[{"embeddable":true,"href":"https:\/\/cafesbatalla.com\/ca\/wp-json\/wp\/v2\/comments?post=123"}],"version-history":[{"count":0,"href":"https:\/\/cafesbatalla.com\/ca\/wp-json\/wp\/v2\/pages\/123\/revisions"}],"wp:attachment":[{"href":"https:\/\/cafesbatalla.com\/ca\/wp-json\/wp\/v2\/media?parent=123"}],"curies":[{"name":"wp","href":"https:\/\/api.w.org\/{rel}","templated":true}]}}